{"id":66,"date":"2021-01-04T20:15:44","date_gmt":"2021-01-04T19:15:44","guid":{"rendered":"https:\/\/www.kolmar.cz\/?page_id=66"},"modified":"2022-01-07T12:14:18","modified_gmt":"2022-01-07T11:14:18","slug":"ochrana-soukromi","status":"publish","type":"page","link":"https:\/\/www.kolmar.cz\/cs\/ochrana-soukromi\/","title":{"rendered":"Ochrana soukrom\u00ed"},"content":{"rendered":"<h1 class=\"wp-block-heading\">Ochrana soukrom\u00ed<\/h1>\n\n\n\n<p>Provozovatel e-shopu&nbsp;<strong>Kolmar s.r.o.<\/strong>&nbsp;na str\u00e1nk\u00e1ch&nbsp;<strong>www.kolmar.cz<\/strong>&nbsp;I\u010cO&nbsp;<strong>08999112<\/strong>&nbsp;DI\u010c&nbsp;<strong>CZ08999112<\/strong>&nbsp;s\u00eddlo&nbsp;<strong>W\u00e1gnerova 1118\/5b, 614 00 Brno<\/strong>&nbsp;&nbsp;zpracov\u00e1v\u00e1 osobn\u00ed \u00fadaje poskytnut\u00e9 Kupuj\u00edc\u00edm za \u00fa\u010delem pln\u011bn\u00ed a dodate\u010dn\u00e9ho potvrzen\u00ed Obchodn\u00edch podm\u00ednek, za \u00fa\u010delem zpracov\u00e1n\u00ed elektronick\u00e9 objedn\u00e1vky, realizace dod\u00e1vky, z\u00fa\u010dtov\u00e1n\u00ed plateb a nezbytn\u00e9 komunikaci mezi smluvn\u00edmi stranami po dobu vy\u017eadovanou podle zvl\u00e1\u0161tn\u00edch pr\u00e1vn\u00edch p\u0159edpis\u016f.<\/p>\n\n\n\n<h2 class=\"wp-block-heading\"><strong>1. Z\u00e1kladn\u00ed ustanoven\u00ed<\/strong><\/h2>\n\n\n\n<p><strong>1.1.&nbsp;<\/strong>Spr\u00e1vcem osobn\u00edch \u00fadaj\u016f podle paragrafu 5 p\u00edsm. o) Z\u00e1kona \u010d. 18\/2018 O ochran\u011b osobn\u00edch \u00fadaj\u016f ve zn\u011bn\u00ed pozd\u011bj\u0161\u00edch p\u0159edpis\u016f (d\u00e1le jen \u201eZ\u00e1kon\u201c) je&nbsp;<\/p>\n\n\n\n<p><strong>Kolmar s.r.o.<\/strong>&nbsp;<br>se s\u00eddlem&nbsp;<strong>W\u00e1gnerova 1118\/5b, 614 00<\/strong> <strong>Brno<\/strong><br>I\u010cO&nbsp;<strong>08999112<\/strong>&nbsp;<br>DI\u010c&nbsp;<strong>CZ08999112<\/strong>&nbsp;<br>(d\u00e1le jen \u201eSpr\u00e1vce\u201c);<\/p>\n\n\n\n<p><strong>1.2.&nbsp;<\/strong>Kontaktn\u00ed \u00fadaje spr\u00e1vce jsou: <\/p>\n\n\n\n<p>e-mail: info@kolmar.cz,<br>tel.:&nbsp;773 795 138;<\/p>\n\n\n\n<p><strong>1.3.&nbsp;<\/strong>Osobn\u00edmi \u00fadaji se rozum\u00ed v\u0161echny informace identifikuj\u00edc\u00ed fyzickou nebo pr\u00e1vnickou osobu.<\/p>\n\n\n\n<h2 class=\"wp-block-heading\"><strong>2. Zdroje zpracov\u00e1van\u00fdch osobn\u00edch \u00fadaj\u016f<\/strong><\/h2>\n\n\n\n<p><strong>2.1.&nbsp;<\/strong>Spr\u00e1vce zpracov\u00e1v\u00e1 osobn\u00ed \u00fadaje, kter\u00e9 mu se souhlasem poskytl kupuj\u00edc\u00ed a kter\u00e9 spr\u00e1vce z\u00edskal na z\u00e1klad\u011b pln\u011bn\u00ed Kupn\u00ed smlouvy a zpracov\u00e1n\u00ed elektronick\u00e9 objedn\u00e1vky v internetov\u00e9m obchod\u011b www.kolmar.cz;<\/p>\n\n\n\n<p><strong>2.2.<\/strong>&nbsp;Spr\u00e1vce zpracov\u00e1v\u00e1 jen identifika\u010dn\u00ed a kontaktn\u00ed \u00fadaje kupuj\u00edc\u00edho nezbytn\u00e9 pro pln\u011bn\u00ed Kupn\u00ed smlouvy;<\/p>\n\n\n\n<p><strong>2.3.&nbsp;<\/strong>Spr\u00e1vce zpracov\u00e1v\u00e1 osobn\u00ed \u00fadaje za \u00fa\u010delem dod\u00e1vky, z\u00fa\u010dtov\u00e1n\u00ed plateb a k nezbytn\u00e9 komunikaci mezi smluvn\u00edmi stranami po dobu vy\u017eadovanou podle zvl\u00e1\u0161tn\u00edch pr\u00e1vn\u00edch p\u0159edpis\u016f. Osobn\u00ed \u00fadaje nebudou zve\u0159ej\u0148ovan\u00e9 a nebude doch\u00e1zet k p\u0159enosu do dal\u0161\u00edch zem\u00ed.<\/p>\n\n\n\n<h2 class=\"wp-block-heading\"><strong>3. \u00da\u010del zpracov\u00e1n\u00ed osobn\u00edch \u00fadaj\u016f<\/strong><\/h2>\n\n\n\n<p><strong>3.1<\/strong>&nbsp;Spr\u00e1vce zpracov\u00e1v\u00e1 osobn\u00ed \u00fadaje kupuj\u00edc\u00edho z n\u00e1sleduj\u00edc\u00edch d\u016fvod\u016f:<\/p>\n\n\n\n<ul class=\"wp-block-list\"><li>Za \u00fa\u010delem registrace na webov\u00e9 str\u00e1nce www.kolmar.cz podle paragrafu 13 odst. 1 p\u00edsm. a) Z\u00e1kona \u010d. 18\/2018 O ochran\u011b osobn\u00edch \u00fadaj\u016f;<\/li><\/ul>\n\n\n\n<p><strong>3.1.2.<\/strong>&nbsp;Za \u00fa\u010delem vy\u0159\u00edzen\u00ed elektronick\u00e9 objedn\u00e1vky kupuj\u00edc\u00edho (jm\u00e9no, adresa, e-mail, telefonn\u00ed \u010d\u00edslo);<br><strong>3.1.3.<\/strong>&nbsp;Za \u00fa\u010delem pln\u011bn\u00ed pr\u00e1v a povinnost\u00ed vypl\u00fdvaj\u00edc\u00edch ze smluvn\u00edho vztahu mezi kupuj\u00edc\u00edm a Spr\u00e1vcem;<br><strong>3.1.4.<\/strong>&nbsp;Poskytnut\u00ed osobn\u00edch \u00fadaj\u016f je nezbytn\u00fdm po\u017eadavkem pro pln\u011bn\u00ed kupn\u00ed smlouvy. Bez poskytnut\u00ed osobn\u00edch \u00fadaj\u016f nelze smlouvu uzav\u0159\u00edt.<\/p>\n\n\n\n<h2 class=\"wp-block-heading\"><strong>4. Doba uchov\u00e1v\u00e1n\u00ed osobn\u00edch \u00fadaj\u016f<\/strong><\/h2>\n\n\n\n<p><strong>4.1.<\/strong>&nbsp;Spr\u00e1vce uchov\u00e1v\u00e1 osobn\u00ed \u00fadaje po dobu nezbytnou k v\u00fdkonu pr\u00e1v a povinnost\u00ed vypl\u00fdvaj\u00edc\u00edch ze smluvn\u00edho vztahu mezi kupuj\u00edc\u00edm a Spr\u00e1vcem a po dobu 3 let od ukon\u010den\u00ed smluvn\u00edho vztahu;<\/p>\n\n\n\n<p><strong>4.2.&nbsp;<\/strong>Po uplynut\u00ed doby uchov\u00e1v\u00e1n\u00ed osobn\u00edch \u00fadaj\u016f je Spr\u00e1vce povinen \u00fadaje smazat.<\/p>\n\n\n\n<h2 class=\"wp-block-heading\"><strong>5. P\u0159\u00edjemci a zpracovatel\u00e9 osobn\u00edch \u00fadaj\u016f<\/strong><\/h2>\n\n\n\n<p><strong>5.1.<\/strong>&nbsp;T\u0159et\u00ed stranou, kter\u00e1 p\u0159ij\u00edm\u00e1 osobn\u00ed \u00fadaje kupuj\u00edc\u00edho, jsou subdodavatel\u00e9 Spr\u00e1vce. Slu\u017eby t\u011bchto subdodavatel\u016f bezpodm\u00edne\u010dn\u011b souvis\u00ed s \u00fasp\u011b\u0161n\u00fdm pln\u011bn\u00edm kupn\u00ed smlouvy a elektronick\u00e9 objedn\u00e1vky mezi spr\u00e1vcem a kupuj\u00edc\u00edm.<\/p>\n\n\n\n<p><strong>5.2.<\/strong>&nbsp;Subdodavateli spr\u00e1vce jsou:<\/p>\n\n\n\n<ul class=\"wp-block-list\"><li><s>Webnode AG (syst\u00e9m e-shopu);<\/s><\/li><li>\u010cesk\u00e1 po\u0161ta, s.p. (doru\u010dovac\u00ed slu\u017eba);<\/li><li>Z\u00e1silkovna s.r.o.&nbsp;(doru\u010dovac\u00ed slu\u017eba);<\/li><li>Google Analytics (anal\u00fdza webov\u00fdch str\u00e1nek);<\/li><li>FIO banka a.s. (bankovn\u00ed instituce)<\/li><\/ul>\n\n\n\n<h2 class=\"wp-block-heading\"><strong>6. Pr\u00e1va kupuj\u00edc\u00edho<\/strong><\/h2>\n\n\n\n<p><strong>6.1<\/strong>&nbsp;Podle podm\u00ednek stanoven\u00fdch v Z\u00e1kon\u011b m\u00e1 kupuj\u00edc\u00ed pr\u00e1vo:<\/p>\n\n\n\n<ul class=\"wp-block-list\"><li>Na p\u0159\u00edstup ke sv\u00fdm osobn\u00edm \u00fadaj\u016fm;<\/li><li>Na opravu osobn\u00edch \u00fadaj\u016f;<\/li><li>Na vymaz\u00e1n\u00ed osobn\u00edch \u00fadaj\u016f;<\/li><li>Vzn\u00e9st n\u00e1mitku proti zpracov\u00e1n\u00ed;<\/li><li>Na p\u0159enositelnost \u00fadaj\u016f;<\/li><li>Odvolat souhlas se zpracov\u00e1n\u00edm osobn\u00edch \u00fadaj\u016f p\u00edsemn\u011b nebo elektronicky na e-mailov\u00e9 adrese: info@kolmar.cz;<\/li><li>Podat st\u00ed\u017enost na \u00da\u0159ad pro ochranu osobn\u00edch \u00fadaj\u016f v p\u0159\u00edpad\u011b, \u017ee se domn\u00edv\u00e1, \u017ee do\u0161lo k poru\u0161en\u00ed jeho pr\u00e1va na ochranu osobn\u00edch \u00fadaj\u016f.<\/li><\/ul>\n\n\n\n<h2 class=\"wp-block-heading\"><strong>7. Zabezpe\u010den\u00ed osobn\u00edch \u00fadaj\u016f<\/strong><\/h2>\n\n\n\n<p><strong>7.1.<\/strong>&nbsp;Spr\u00e1vce prohla\u0161uje, \u017ee p\u0159ijal v\u0161echna vhodn\u00e1 technick\u00e1 a organiza\u010dn\u00ed opat\u0159en\u00ed nutn\u00e1 k zabezpe\u010den\u00ed osobn\u00edch \u00fadaj\u016f kupuj\u00edc\u00edho;<\/p>\n\n\n\n<p><strong>7.2.\u00a0<\/strong>Spr\u00e1vce p\u0159ijal technick\u00e1 opat\u0159en\u00ed k zabezpe\u010den\u00ed datov\u00fdch \u00falo\u017ei\u0161\u0165 osobn\u00edch \u00fadaj\u016f, zejm\u00e9na zabezpe\u010den\u00ed p\u0159\u00edstupu k po\u010d\u00edta\u010di heslem, pou\u017e\u00edv\u00e1n\u00ed antivirov\u00e9ho programu a pravidelnou \u00fadr\u017ebu po\u010d\u00edta\u010d\u016f.<\/p>\n\n\n\n<p><strong>7.3.<\/strong> <a href=\"https:\/\/www.kolmar.cz\/cs\/zasady-pouzivania-suborov-cookie-eu\/\"><span style=\"text-decoration: underline;\">Z\u00e1sady pou\u017e\u00edvania s\u00faborov cookie (E\u00da)<\/span><\/a><\/p>\n\n\n\n<h2 class=\"wp-block-heading\"><strong>8. Z\u00e1v\u011bre\u010dn\u00e1 ustanoven\u00ed<\/strong><\/h2>\n\n\n\n<p><strong>8.1.&nbsp;<\/strong>Odesl\u00e1n\u00edm elektronick\u00e9 objedn\u00e1vky na webov\u00e9 str\u00e1nce www.kolmar.cz potvrzuje kupuj\u00edc\u00ed, \u017ee byl obezn\u00e1men\u00fd s podm\u00ednkami ochrany osobn\u00edch \u00fadaj\u016f a \u017ee je v cel\u00e9m rozsahu p\u0159ij\u00edm\u00e1;<\/p>\n\n\n\n<p><strong>8.2.<\/strong>&nbsp;S t\u011bmito pravidly souhlas\u00ed kupuj\u00edc\u00ed za\u0161krtnut\u00edm pol\u00ed\u010dka v objedn\u00e1vce;<\/p>\n\n\n\n<p><strong>8.3.<\/strong>&nbsp;Spr\u00e1vce je opr\u00e1vn\u011bn\u00fd tato Pravidla kdykoliv zm\u011bnit. Novou verzi Pravidel je povinn\u00fd zve\u0159ejnit na sv\u00e9 webov\u00e9 str\u00e1nce.<\/p>\n\n\n\n<p>Tyto podm\u00ednky nab\u00fdvaj\u00ed \u00fa\u010dinnosti dnem<strong>13.3.2020<\/strong><\/p>","protected":false},"excerpt":{"rendered":"<p>Ochrana soukrom\u00ed Provozovatel e-shopu&nbsp;Kolmar s.r.o.&nbsp;na str\u00e1nk\u00e1ch&nbsp;www.kolmar.cz&nbsp;I\u010cO&nbsp;08999112&nbsp;DI\u010c&nbsp;CZ08999112&nbsp;s\u00eddlo&nbsp;W\u00e1gnerova 1118\/5b, 614 00 Brno&nbsp;&nbsp;zpracov\u00e1v\u00e1 osobn\u00ed \u00fadaje poskytnut\u00e9 Kupuj\u00edc\u00edm za \u00fa\u010delem pln\u011bn\u00ed a dodate\u010dn\u00e9ho potvrzen\u00ed Obchodn\u00edch podm\u00ednek, za \u00fa\u010delem zpracov\u00e1n\u00ed elektronick\u00e9 objedn\u00e1vky, realizace dod\u00e1vky, z\u00fa\u010dtov\u00e1n\u00ed plateb a nezbytn\u00e9 komunikaci mezi smluvn\u00edmi stranami po dobu vy\u017eadovanou podle zvl\u00e1\u0161tn\u00edch pr\u00e1vn\u00edch p\u0159edpis\u016f. 1. Z\u00e1kladn\u00ed ustanoven\u00ed 1.1.&nbsp;Spr\u00e1vcem osobn\u00edch \u00fadaj\u016f podle paragrafu 5 p\u00edsm. o) [&#8230;]","protected":false},"author":1,"featured_media":0,"parent":0,"menu_order":0,"comment_status":"closed","ping_status":"closed","template":"page-blank-title-center.php","meta":{"footnotes":""},"class_list":["post-66","page","type-page","status-publish","hentry"],"yoast_head":"<!-- This site is optimized with the Yoast SEO plugin v23.2 - https:\/\/yoast.com\/wordpress\/plugins\/seo\/ -->\n<title>Ochrana soukrom\u00ed | Kolmar<\/title>\n<meta name=\"robots\" content=\"index, follow, max-snippet:-1, max-image-preview:large, max-video-preview:-1\" \/>\n<link rel=\"canonical\" href=\"https:\/\/www.kolmar.cz\/cs\/ochrana-soukromi\/\" \/>\n<meta property=\"og:locale\" content=\"cs_CZ\" \/>\n<meta property=\"og:type\" content=\"article\" \/>\n<meta property=\"og:title\" content=\"Ochrana soukrom\u00ed | Kolmar\" \/>\n<meta property=\"og:description\" content=\"Ochrana soukrom\u00ed Provozovatel e-shopu&nbsp;Kolmar s.r.o.&nbsp;na str\u00e1nk\u00e1ch&nbsp;www.kolmar.cz&nbsp;I\u010cO&nbsp;08999112&nbsp;DI\u010c&nbsp;CZ08999112&nbsp;s\u00eddlo&nbsp;W\u00e1gnerova 1118\/5b, 614 00 Brno&nbsp;&nbsp;zpracov\u00e1v\u00e1 osobn\u00ed \u00fadaje poskytnut\u00e9 Kupuj\u00edc\u00edm za \u00fa\u010delem pln\u011bn\u00ed a dodate\u010dn\u00e9ho potvrzen\u00ed Obchodn\u00edch podm\u00ednek, za \u00fa\u010delem zpracov\u00e1n\u00ed elektronick\u00e9 objedn\u00e1vky, realizace dod\u00e1vky, z\u00fa\u010dtov\u00e1n\u00ed plateb a nezbytn\u00e9 komunikaci mezi smluvn\u00edmi stranami po dobu vy\u017eadovanou podle zvl\u00e1\u0161tn\u00edch pr\u00e1vn\u00edch p\u0159edpis\u016f. 1. Z\u00e1kladn\u00ed ustanoven\u00ed 1.1.&nbsp;Spr\u00e1vcem osobn\u00edch \u00fadaj\u016f podle paragrafu 5 p\u00edsm. o) [...]\" \/>\n<meta property=\"og:url\" content=\"https:\/\/www.kolmar.cz\/cs\/ochrana-soukromi\/\" \/>\n<meta property=\"og:site_name\" content=\"Kolmar\" \/>\n<meta property=\"article:modified_time\" content=\"2022-01-07T11:14:18+00:00\" \/>\n<meta name=\"twitter:card\" content=\"summary_large_image\" \/>\n<meta name=\"twitter:label1\" content=\"Odhadovan\u00e1 doba \u010dten\u00ed\" \/>\n\t<meta name=\"twitter:data1\" content=\"3 minuty\" \/>\n<script type=\"application\/ld+json\" class=\"yoast-schema-graph\">{\"@context\":\"https:\/\/schema.org\",\"@graph\":[{\"@type\":\"WebPage\",\"@id\":\"https:\/\/www.kolmar.cz\/ochrana-soukromi\/\",\"url\":\"https:\/\/www.kolmar.cz\/ochrana-soukromi\/\",\"name\":\"Ochrana soukrom\u00ed | Kolmar\",\"isPartOf\":{\"@id\":\"https:\/\/www.kolmar.cz\/#website\"},\"datePublished\":\"2021-01-04T19:15:44+00:00\",\"dateModified\":\"2022-01-07T11:14:18+00:00\",\"breadcrumb\":{\"@id\":\"https:\/\/www.kolmar.cz\/ochrana-soukromi\/#breadcrumb\"},\"inLanguage\":\"cs\",\"potentialAction\":[{\"@type\":\"ReadAction\",\"target\":[\"https:\/\/www.kolmar.cz\/ochrana-soukromi\/\"]}]},{\"@type\":\"BreadcrumbList\",\"@id\":\"https:\/\/www.kolmar.cz\/ochrana-soukromi\/#breadcrumb\",\"itemListElement\":[{\"@type\":\"ListItem\",\"position\":1,\"name\":\"Home\",\"item\":\"https:\/\/www.kolmar.cz\/\"},{\"@type\":\"ListItem\",\"position\":2,\"name\":\"Ochrana soukrom\u00ed\"}]},{\"@type\":\"WebSite\",\"@id\":\"https:\/\/www.kolmar.cz\/#website\",\"url\":\"https:\/\/www.kolmar.cz\/\",\"name\":\"Kolmar\",\"description\":\"Depo \u010cSD modelov ve\u013ekosti TT\",\"potentialAction\":[{\"@type\":\"SearchAction\",\"target\":{\"@type\":\"EntryPoint\",\"urlTemplate\":\"https:\/\/www.kolmar.cz\/?s={search_term_string}\"},\"query-input\":\"required name=search_term_string\"}],\"inLanguage\":\"cs\"}]}<\/script>\n<!-- \/ Yoast SEO plugin. -->","yoast_head_json":{"title":"Ochrana soukrom\u00ed | Kolmar","robots":{"index":"index","follow":"follow","max-snippet":"max-snippet:-1","max-image-preview":"max-image-preview:large","max-video-preview":"max-video-preview:-1"},"canonical":"https:\/\/www.kolmar.cz\/cs\/ochrana-soukromi\/","og_locale":"cs_CZ","og_type":"article","og_title":"Ochrana soukrom\u00ed | Kolmar","og_description":"Ochrana soukrom\u00ed Provozovatel e-shopu&nbsp;Kolmar s.r.o.&nbsp;na str\u00e1nk\u00e1ch&nbsp;www.kolmar.cz&nbsp;I\u010cO&nbsp;08999112&nbsp;DI\u010c&nbsp;CZ08999112&nbsp;s\u00eddlo&nbsp;W\u00e1gnerova 1118\/5b, 614 00 Brno&nbsp;&nbsp;zpracov\u00e1v\u00e1 osobn\u00ed \u00fadaje poskytnut\u00e9 Kupuj\u00edc\u00edm za \u00fa\u010delem pln\u011bn\u00ed a dodate\u010dn\u00e9ho potvrzen\u00ed Obchodn\u00edch podm\u00ednek, za \u00fa\u010delem zpracov\u00e1n\u00ed elektronick\u00e9 objedn\u00e1vky, realizace dod\u00e1vky, z\u00fa\u010dtov\u00e1n\u00ed plateb a nezbytn\u00e9 komunikaci mezi smluvn\u00edmi stranami po dobu vy\u017eadovanou podle zvl\u00e1\u0161tn\u00edch pr\u00e1vn\u00edch p\u0159edpis\u016f. 1. Z\u00e1kladn\u00ed ustanoven\u00ed 1.1.&nbsp;Spr\u00e1vcem osobn\u00edch \u00fadaj\u016f podle paragrafu 5 p\u00edsm. o) [...]","og_url":"https:\/\/www.kolmar.cz\/cs\/ochrana-soukromi\/","og_site_name":"Kolmar","article_modified_time":"2022-01-07T11:14:18+00:00","twitter_card":"summary_large_image","twitter_misc":{"Odhadovan\u00e1 doba \u010dten\u00ed":"3 minuty"},"schema":{"@context":"https:\/\/schema.org","@graph":[{"@type":"WebPage","@id":"https:\/\/www.kolmar.cz\/ochrana-soukromi\/","url":"https:\/\/www.kolmar.cz\/ochrana-soukromi\/","name":"Ochrana soukrom\u00ed | Kolmar","isPartOf":{"@id":"https:\/\/www.kolmar.cz\/#website"},"datePublished":"2021-01-04T19:15:44+00:00","dateModified":"2022-01-07T11:14:18+00:00","breadcrumb":{"@id":"https:\/\/www.kolmar.cz\/ochrana-soukromi\/#breadcrumb"},"inLanguage":"cs","potentialAction":[{"@type":"ReadAction","target":["https:\/\/www.kolmar.cz\/ochrana-soukromi\/"]}]},{"@type":"BreadcrumbList","@id":"https:\/\/www.kolmar.cz\/ochrana-soukromi\/#breadcrumb","itemListElement":[{"@type":"ListItem","position":1,"name":"Home","item":"https:\/\/www.kolmar.cz\/"},{"@type":"ListItem","position":2,"name":"Ochrana soukrom\u00ed"}]},{"@type":"WebSite","@id":"https:\/\/www.kolmar.cz\/#website","url":"https:\/\/www.kolmar.cz\/","name":"Kolmar","description":"Depo \u010cSD modelov ve\u013ekosti TT","potentialAction":[{"@type":"SearchAction","target":{"@type":"EntryPoint","urlTemplate":"https:\/\/www.kolmar.cz\/?s={search_term_string}"},"query-input":"required name=search_term_string"}],"inLanguage":"cs"}]}},"_links":{"self":[{"href":"https:\/\/www.kolmar.cz\/cs\/wp-json\/wp\/v2\/pages\/66"}],"collection":[{"href":"https:\/\/www.kolmar.cz\/cs\/wp-json\/wp\/v2\/pages"}],"about":[{"href":"https:\/\/www.kolmar.cz\/cs\/wp-json\/wp\/v2\/types\/page"}],"author":[{"embeddable":true,"href":"https:\/\/www.kolmar.cz\/cs\/wp-json\/wp\/v2\/users\/1"}],"replies":[{"embeddable":true,"href":"https:\/\/www.kolmar.cz\/cs\/wp-json\/wp\/v2\/comments?post=66"}],"version-history":[{"count":4,"href":"https:\/\/www.kolmar.cz\/cs\/wp-json\/wp\/v2\/pages\/66\/revisions"}],"predecessor-version":[{"id":260,"href":"https:\/\/www.kolmar.cz\/cs\/wp-json\/wp\/v2\/pages\/66\/revisions\/260"}],"wp:attachment":[{"href":"https:\/\/www.kolmar.cz\/cs\/wp-json\/wp\/v2\/media?parent=66"}],"curies":[{"name":"wp","href":"https:\/\/api.w.org\/{rel}","templated":true}]}}