{"id":20,"date":"2020-12-18T10:00:12","date_gmt":"2020-12-18T09:00:12","guid":{"rendered":"https:\/\/www.kolmar.cz\/?post_type=product&#038;p=20"},"modified":"2026-02-21T16:58:13","modified_gmt":"2026-02-21T15:58:13","slug":"motorovy-voz-manka","status":"publish","type":"product","link":"https:\/\/www.kolmar.cz\/cs\/produkt\/motorovy-voz-manka\/","title":{"rendered":"Motor\u00e1k Manka"},"content":{"rendered":"<section class=\"section\" id=\"section_750920125\">\n\t\t<div class=\"section-bg fill\" >\n\t\t\t\t\t\t\t\t\t\n\t\t\t\n\n\t\t<\/div>\n\n\t\t\n\n\t\t<div class=\"section-content relative\">\n\t\t\t\n<div class=\"row\"  id=\"row-369346094\">\n\n\t<div id=\"col-470848294\" class=\"col medium-2 small-12 large-2\"  >\n\t\t\t\t<div class=\"col-inner\"  >\n\t\t\t\n\t\t\t\n\t\t<\/div>\n\t\t\t\t\t<\/div>\n\n\t\n\n\t<div id=\"col-1349159497\" class=\"col medium-8 small-12 large-8\"  >\n\t\t\t\t<div class=\"col-inner\"  >\n\t\t\t\n\t\t\t\n\t<div id=\"text-528625113\" class=\"text\">\n\t\t\n<h2><span style=\"color: #404548;\"><b>M\u016fj t\u00fdm m\u011b vytvo\u0159il ve spoluprac\u00ed s firmou <\/b><strong><a style=\"color: #404548;\" href=\"http:\/\/www.kres.de\/produkte.html\" target=\"_blank\" rel=\"noopener\"><span style=\"text-decoration: underline;\">KRES<\/span><\/a><\/strong><b> vo\u00a0ve\u013ekosti TT na\u00a0z\u00e1klade re\u00e1lnej predlohy<\/b><\/span><\/h2>\n<p style=\"text-align: center;\"><span style=\"color: #404548;\"><span style=\"font-weight: 400;\">Predloha, motorov\u00fd voze\u0148 Manka 140.313, sa dostala do\u00a0spr\u00e1vy \u010cSD d\u0148a 15.10.1945 ako vojnov\u00e1 koris\u0165 a\u00a0bola pridelen\u00e1 do\u00a0<\/span><span style=\"font-weight: 400;\">v\u00fdtopne Vesel\u00ed nad Moravou. Ozna\u010denie s\u00a0pe\u0165ro\u010dnicou spad\u00e1 do\u00a0rokov 1948\u20131953. Definit\u00edvne bola vyraden\u00e1 12.10.1953.<\/span><\/span><\/p>\n\t\t\n<style>\n#text-528625113 {\n  text-align: center;\n}\n<\/style>\n\t<\/div>\n\t\n\t\t<\/div>\n\t\t\t\t\t<\/div>\n\n\t\n\n\t<div id=\"col-99656127\" class=\"col medium-2 small-12 large-2\"  >\n\t\t\t\t<div class=\"col-inner\"  >\n\t\t\t\n\t\t\t\n\t\t<\/div>\n\t\t\t\t\t<\/div>\n\n\t\n<\/div>\n\t\t<\/div>\n\n\t\t\n<style>\n#section_750920125 {\n  padding-top: 0px;\n  padding-bottom: 0px;\n  margin-bottom: 60px;\n}\n<\/style>\n\t<\/section>\n\t\n\t<div class=\"img has-hover x md-x lg-x y md-y lg-y\" id=\"image_1764419367\">\n\t\t\t\t\t\t\t\t<div class=\"img-inner dark\" style=\"margin:0px 0px 80px 0px;\">\n\t\t\t<img loading=\"lazy\" decoding=\"async\" width=\"1024\" height=\"384\" src=\"https:\/\/www.kolmar.cz\/wp-content\/uploads\/2020\/12\/historicka-1024x384.jpg\" class=\"attachment-large size-large\" alt=\"Historicky\u0301 pohl\u030cad na motor\u00e1k Manka M140.312 \u010cSD TT od firmy Kolmar\" srcset=\"https:\/\/www.kolmar.cz\/wp-content\/uploads\/2020\/12\/historicka-1024x384.jpg 1024w, https:\/\/www.kolmar.cz\/wp-content\/uploads\/2020\/12\/historicka-510x191.jpg 510w, https:\/\/www.kolmar.cz\/wp-content\/uploads\/2020\/12\/historicka-300x113.jpg 300w, https:\/\/www.kolmar.cz\/wp-content\/uploads\/2020\/12\/historicka-768x288.jpg 768w, https:\/\/www.kolmar.cz\/wp-content\/uploads\/2020\/12\/historicka.jpg 1280w\" sizes=\"(max-width: 1024px) 100vw, 1024px\" \/>\t\t\t\t\t\t\n\t\t\t\t\t<\/div>\n\t\t\t\t\t\t\t\t\n<style>\n#image_1764419367 {\n  width: 100%;\n}\n<\/style>\n\t<\/div>\n\t\n\t<div id=\"text-1423970527\" class=\"text\">\n\t\t\n<h2 class=\"siblings\"><b>Spolu se mnou vyrobili je\u0161t\u011b 150 sourozenc\u016f<\/b><\/h2>\n<p style=\"text-align: center;\"><span style=\"font-weight: 400;\">\u0158ekli mi, \u017ee jsem speci\u00e1lni, tedy z limitovan\u00e9 edice, proto\u017ee n\u00e1s \u2013 motorov\u00fdch voz\u016f Manka \u010cDS TT \u2013  nen\u00ed mnoho.<\/span><\/p>\n\t\t\n<style>\n#text-1423970527 {\n  text-align: center;\n}\n<\/style>\n\t<\/div>\n\t\n\n  <div class=\"banner has-hover\" id=\"banner-686807033\">\n          <div class=\"banner-inner fill\">\n        <div class=\"banner-bg fill\" >\n                                                \n                    <\/div>\n\t\t\n        <div class=\"banner-layers container\">\n            <div class=\"fill banner-link\"><\/div>            \n\t<div class=\"img has-hover x0 md-x0 lg-x0 y10 md-y10 lg-y10\" id=\"image_1272494714\">\n\t\t\t\t\t\t\t\t<div class=\"img-inner dark\" >\n\t\t\t<img loading=\"lazy\" decoding=\"async\" width=\"640\" height=\"395\" src=\"https:\/\/www.kolmar.cz\/wp-content\/uploads\/2021\/01\/Manka_left.png\" class=\"attachment-large size-large\" alt=\"Poh\u013ead z \u013eava na motor\u00e1k Manka \u010cSD TT M140.313 | Kolmar\" srcset=\"https:\/\/www.kolmar.cz\/wp-content\/uploads\/2021\/01\/Manka_left.png 640w, https:\/\/www.kolmar.cz\/wp-content\/uploads\/2021\/01\/Manka_left-510x315.png 510w, https:\/\/www.kolmar.cz\/wp-content\/uploads\/2021\/01\/Manka_left-300x185.png 300w\" sizes=\"(max-width: 640px) 100vw, 640px\" \/>\t\t\t\t\t\t\n\t\t\t\t\t<\/div>\n\t\t\t\t\t\t\t\t\n<style>\n#image_1272494714 {\n  width: 53%;\n}\n<\/style>\n\t<\/div>\n\t\n\t<div class=\"img has-hover x100 md-x100 lg-x100 y100 md-y100 lg-y100\" id=\"image_1870179206\">\n\t\t\t\t\t\t\t\t<div class=\"img-inner dark\" >\n\t\t\t<img loading=\"lazy\" decoding=\"async\" width=\"640\" height=\"400\" src=\"https:\/\/www.kolmar.cz\/wp-content\/uploads\/2021\/01\/Manka_right.png\" class=\"attachment-large size-large\" alt=\"Poh\u013ead z prava na motor\u00e1k Manka \u010cSD TT M140.313 | Kolmar\" srcset=\"https:\/\/www.kolmar.cz\/wp-content\/uploads\/2021\/01\/Manka_right.png 640w, https:\/\/www.kolmar.cz\/wp-content\/uploads\/2021\/01\/Manka_right-510x319.png 510w, https:\/\/www.kolmar.cz\/wp-content\/uploads\/2021\/01\/Manka_right-300x188.png 300w\" sizes=\"(max-width: 640px) 100vw, 640px\" \/>\t\t\t\t\t\t\n\t\t\t\t\t<\/div>\n\t\t\t\t\t\t\t\t\n<style>\n#image_1870179206 {\n  width: 53%;\n}\n<\/style>\n\t<\/div>\n\t\n   <div id=\"text-box-10918569\" class=\"text-box banner-layer x95 md-x95 lg-x95 y5 md-y5 lg-y5 res-text\">\n                                <div class=\"text-box-content text\">\n              \n              <div class=\"text-inner text-center\">\n                  \n\t<div id=\"gap-103168326\" class=\"gap-element clearfix\" style=\"display:block; height:auto;\">\n\t\t\n<style>\n#gap-103168326 {\n  padding-top: 50px;\n}\n<\/style>\n\t<\/div>\n\t\n\t<div id=\"text-1692616054\" class=\"text\">\n\t\t\n<h4><b>Jezd\u00edm na v\u00fdbornou<\/b><\/h4>\n<p><span style=\"font-weight: 400;\">Ob\u011b m\u00e9 n\u00e1pravy jsou poh\u00e1n\u011bny motorkem se setrva\u010dn\u00edkem. \u0160\u0165\u00e1vu mi dod\u00e1v\u00e1 ka\u017ed\u00e9 kolo a na v\u00e1hu se m\u011b rad\u011bji neptej \u2013 neslu\u0161\u00ed se to.<\/span><br \/>\n\t\t\n<style>\n#text-1692616054 {\n  text-align: left;\n  color: rgb(0,0,0);\n}\n#text-1692616054 > * {\n  color: rgb(0,0,0);\n}\n<\/style>\n\t<\/div>\n\t\n              <\/div>\n           <\/div>\n                            \n<style>\n#text-box-10918569 {\n  width: 35%;\n}\n#text-box-10918569 .text-box-content {\n  font-size: 100%;\n}\n<\/style>\n    <\/div>\n \n   <div id=\"text-box-449511979\" class=\"text-box banner-layer x5 md-x5 lg-x5 y85 md-y85 lg-y85 res-text\">\n                                <div class=\"text-box-content text\">\n              \n              <div class=\"text-inner text-center\">\n                  \n\t<div id=\"gap-180005679\" class=\"gap-element clearfix\" style=\"display:block; height:auto;\">\n\t\t\n<style>\n#gap-180005679 {\n  padding-top: 50px;\n}\n<\/style>\n\t<\/div>\n\t\n\t<div id=\"text-2774238270\" class=\"text\">\n\t\t\n<h4><strong><b>Jsem kompletn\u011b vybaven\u00e1<\/b><\/strong><\/h4>\n<p><span style=\"font-weight: 400;\">Soudruzi v z\u00e1vod\u011b se rozhodli, \u017ee mi osad\u00ed v\u0161echny madla, hadice a dokonce i h\u00e1ky \u0161roubovky. Lepidlo tedy rad\u011bji schovej, a\u0165 m\u011b neupatl\u00e1\u0161.<\/span><br \/>\n\t\t\n<style>\n#text-2774238270 {\n  text-align: left;\n}\n<\/style>\n\t<\/div>\n\t\n              <\/div>\n           <\/div>\n                            \n<style>\n#text-box-449511979 {\n  width: 35%;\n}\n#text-box-449511979 .text-box-content {\n  font-size: 100%;\n}\n<\/style>\n    <\/div>\n \n        <\/div>\n      <\/div>\n\n            \n<style>\n#banner-686807033 {\n  padding-top: 780px;\n  background-color: rgb(255,255,255);\n}\n<\/style>\n  <\/div>\n\n\n\t<div class=\"img has-hover x md-x lg-x y md-y lg-y\" id=\"image_2077845217\">\n\t\t\t\t\t\t\t\t<div class=\"img-inner dark\" style=\"margin:0px 0px 0 0px;\">\n\t\t\t<img loading=\"lazy\" decoding=\"async\" width=\"1280\" height=\"480\" src=\"https:\/\/www.kolmar.cz\/wp-content\/uploads\/2021\/03\/diorama-1.jpg\" class=\"attachment-large size-large\" alt=\"Dior\u00e1ma pre motor\u00e1k Manka \u010cSD TT M140.313 | Kolmar\" srcset=\"https:\/\/www.kolmar.cz\/wp-content\/uploads\/2021\/03\/diorama-1.jpg 1280w, https:\/\/www.kolmar.cz\/wp-content\/uploads\/2021\/03\/diorama-1-510x191.jpg 510w, https:\/\/www.kolmar.cz\/wp-content\/uploads\/2021\/03\/diorama-1-768x288.jpg 768w, https:\/\/www.kolmar.cz\/wp-content\/uploads\/2021\/03\/diorama-1-16x6.jpg 16w\" sizes=\"(max-width: 1280px) 100vw, 1280px\" \/>\t\t\t\t\t\t\n\t\t\t\t\t<\/div>\n\t\t\t\t\t\t\t\t\n<style>\n#image_2077845217 {\n  width: 100%;\n}\n<\/style>\n\t<\/div>\n\t\n\n\t<section class=\"section\" id=\"section_894631132\">\n\t\t<div class=\"section-bg fill\" >\n\t\t\t\t\t\t\t\t\t\n\t\t\t\n\n\t\t<\/div>\n\n\t\t\n\n\t\t<div class=\"section-content relative\">\n\t\t\t\n\t<div id=\"gap-643246526\" class=\"gap-element clearfix\" style=\"display:block; height:auto;\">\n\t\t\n<style>\n#gap-643246526 {\n  padding-top: 120px;\n}\n<\/style>\n\t<\/div>\n\t\n<div class=\"row\"  id=\"row-1852433158\">\n\n\t<div id=\"col-1654953478\" class=\"col medium-1 small-6 large-1\"  >\n\t\t\t\t<div class=\"col-inner\"  >\n\t\t\t\n\t\t\t\n\t\t<\/div>\n\t\t\t\t\t<\/div>\n\n\t\n\n\t<div id=\"col-565991259\" class=\"col medium-4 small-6 large-4\"  >\n\t\t\t\t<div class=\"col-inner\"  >\n\t\t\t\n\t\t\t\n\t<div class=\"img has-hover x md-x lg-x y md-y lg-y\" id=\"image_1620062231\">\n\t\t\t\t\t\t\t\t<div class=\"img-inner dark\" >\n\t\t\t<img loading=\"lazy\" decoding=\"async\" width=\"400\" height=\"236\" src=\"https:\/\/www.kolmar.cz\/wp-content\/uploads\/2021\/01\/povrchovaUprava.png\" class=\"attachment-large size-large\" alt=\"Detailn\u00fd poh\u013ead na motor\u00e1k Manka \u010cSD TT M140.313 | Kolmar\" srcset=\"https:\/\/www.kolmar.cz\/wp-content\/uploads\/2021\/01\/povrchovaUprava.png 400w, https:\/\/www.kolmar.cz\/wp-content\/uploads\/2021\/01\/povrchovaUprava-300x177.png 300w\" sizes=\"(max-width: 400px) 100vw, 400px\" \/>\t\t\t\t\t\t\n\t\t\t\t\t<\/div>\n\t\t\t\t\t\t\t\t\n<style>\n#image_1620062231 {\n  width: 100%;\n}\n<\/style>\n\t<\/div>\n\t\n\t\t<\/div>\n\t\t\t\t\t<\/div>\n\n\t\n\n\t<div id=\"col-311049428\" class=\"col medium-2 small-6 large-2\"  >\n\t\t\t\t<div class=\"col-inner\"  >\n\t\t\t\n\t\t\t\n\t\t<\/div>\n\t\t\t\t\t<\/div>\n\n\t\n\n\t<div id=\"col-2145990768\" class=\"col medium-4 small-6 large-4\"  >\n\t\t\t\t<div class=\"col-inner\"  >\n\t\t\t\n\t\t\t\n<h2><b>M\u00e1m kvalitn\u00ed povrchovou \u00fapravu<\/b><\/h2>\n<p><span style=\"font-weight: 400; color: #404548;\">Podklady k m\u00e9mu n\u00e1t\u011bru dodaly zlat\u00e9 \u010desk\u00e9 ru\u010di\u010dky. Nanesli mi ho na n\u011bmeck\u00fdch stroj\u00edch firmy <a style=\"color: #404548;\" href=\"http:\/\/www.kres.de\/produkte.html\" target=\"_blank\" rel=\"noopener\"><span style=\"text-decoration: underline;\"><strong>KRES<\/strong><\/span><\/a>, tak\u017ee kvalitu jde rozeznat na milimetry daleko. Rad\u011bji si po\u0159i\u010f lupu, bude\u0161 ji pot\u0159ebovat.<\/span><\/p>\n\t\t<\/div>\n\t\t\t\t\t<\/div>\n\n\t\n\n\t<div id=\"col-417665821\" class=\"col medium-1 small-6 large-1\"  >\n\t\t\t\t<div class=\"col-inner\"  >\n\t\t\t\n\t\t\t\n\t\t<\/div>\n\t\t\t\t\t<\/div>\n\n\t\n<\/div>\n\t<div id=\"gap-1408937371\" class=\"gap-element clearfix\" style=\"display:block; height:auto;\">\n\t\t\n<style>\n#gap-1408937371 {\n  padding-top: 80px;\n}\n<\/style>\n\t<\/div>\n\t\n\t\t<\/div>\n\n\t\t\n<style>\n#section_894631132 {\n  padding-top: 0px;\n  padding-bottom: 0px;\n  margin-bottom: 0px;\n  background-color: rgb(236, 237, 241);\n}\n<\/style>\n\t<\/section>\n\t\n\n\t<section class=\"section\" id=\"section_600928479\">\n\t\t<div class=\"section-bg fill\" >\n\t\t\t\t\t\t\t\t\t\n\t\t\t\n\n\t\t<\/div>\n\n\t\t\n\n\t\t<div class=\"section-content relative\">\n\t\t\t\n\t<div id=\"gap-1422273376\" class=\"gap-element clearfix\" style=\"display:block; height:auto;\">\n\t\t\n<style>\n#gap-1422273376 {\n  padding-top: 80px;\n}\n<\/style>\n\t<\/div>\n\t\n<div class=\"row\"  id=\"row-1650132758\">\n\n\t<div id=\"col-1388176459\" class=\"col medium-1 small-6 large-1\"  >\n\t\t\t\t<div class=\"col-inner\"  >\n\t\t\t\n\t\t\t\n\t\t<\/div>\n\t\t\t\t\t<\/div>\n\n\t\n\n\t<div id=\"col-1550367947\" class=\"col medium-4 small-6 large-4\"  >\n\t\t\t\t<div class=\"col-inner\"  >\n\t\t\t\n\t\t\t\n<h2><b>Je\u0161t\u011b jedno selfie<\/b><\/h2>\n<p><span style=\"font-weight: 400;\">Spredu mi to hodne pristane. Svetl\u00e1 si v anal\u00f3gu prep\u00ednam pod\u013ea smeru jazdy, ale s dekod\u00e9rom FlexDec\u00ae, ktor\u00fd je s\u00fa\u010das\u0165ou dosky, m\u00e1m mno\u017estvo sveteln\u00fdch vychyt\u00e1vok \u0161it\u00fdch priamo na mieru. Len s FlexDec\u00ae m\u00f4\u017ee\u0161 ovl\u00e1da\u0165 predn\u00e9, koncov\u00e9 a dia\u013ekov\u00e9 svetl\u00e1, interi\u00e9r, stanovi\u0161tia strojved\u00faceho a dokonca aj svetlo na z\u00e1chode.<\/span><\/p>\n\t\t<\/div>\n\t\t\t\t\t<\/div>\n\n\t\n\n\t<div id=\"col-1028972603\" class=\"col medium-2 small-6 large-2\"  >\n\t\t\t\t<div class=\"col-inner\"  >\n\t\t\t\n\t\t\t\n\t\t<\/div>\n\t\t\t\t\t<\/div>\n\n\t\n\n\t<div id=\"col-567429202\" class=\"col medium-4 small-6 large-4\"  >\n\t\t\t\t<div class=\"col-inner\"  >\n\t\t\t\n\t\t\t\n\t<div class=\"img has-hover x md-x lg-x y md-y lg-y\" id=\"image_1363222826\">\n\t\t\t\t\t\t\t\t<div class=\"img-inner dark\" >\n\t\t\t<img loading=\"lazy\" decoding=\"async\" width=\"351\" height=\"393\" src=\"https:\/\/www.kolmar.cz\/wp-content\/uploads\/2021\/01\/zadnyPohlad.png\" class=\"attachment-large size-large\" alt=\"Zadn\u00fd poh\u013ead na motor\u00e1k Manka \u010cSD M140.313 TT\" srcset=\"https:\/\/www.kolmar.cz\/wp-content\/uploads\/2021\/01\/zadnyPohlad.png 351w, https:\/\/www.kolmar.cz\/wp-content\/uploads\/2021\/01\/zadnyPohlad-268x300.png 268w\" sizes=\"(max-width: 351px) 100vw, 351px\" \/>\t\t\t\t\t\t\n\t\t\t\t\t<\/div>\n\t\t\t\t\t\t\t\t\n<style>\n#image_1363222826 {\n  width: 100%;\n}\n<\/style>\n\t<\/div>\n\t\n\t\t<\/div>\n\t\t\t\t\t<\/div>\n\n\t\n\n\t<div id=\"col-190808183\" class=\"col medium-1 small-6 large-1\"  >\n\t\t\t\t<div class=\"col-inner\"  >\n\t\t\t\n\t\t\t\n\t\t<\/div>\n\t\t\t\t\t<\/div>\n\n\t\n<\/div>\n\t<div id=\"text-622196087\" class=\"text\">\n\t\t\n<h2><b>Po tak rozs\u00e1hl\u00e9 prezentaci si jdu d\u00e1t \u0161lof\u00edka<\/b><\/h2>\n\t\t\n<style>\n#text-622196087 {\n  text-align: center;\n}\n<\/style>\n\t<\/div>\n\t\n\t\t<\/div>\n\n\t\t\n<style>\n#section_600928479 {\n  padding-top: 0px;\n  padding-bottom: 0px;\n  margin-bottom: 0px;\n  background-color: rgb(255, 255, 255);\n}\n<\/style>\n\t<\/section>\n\t\n\t<div id=\"gap-355233228\" class=\"gap-element clearfix\" style=\"display:block; height:auto;\">\n\t\t\n<style>\n#gap-355233228 {\n  padding-top: 40px;\n}\n<\/style>\n\t<\/div>\n\t\n\n  <div class=\"banner has-hover\" id=\"banner-848139584\">\n          <div class=\"banner-inner fill\">\n        <div class=\"banner-bg fill\" >\n                                                \n                    <\/div>\n\t\t\n        <div class=\"banner-layers container\">\n            <div class=\"fill banner-link\"><\/div>            \n\t<div class=\"img has-hover x50 md-x50 lg-x50 y0 md-y0 lg-y0\" id=\"image_1636770011\">\n\t\t\t\t\t\t\t\t<div class=\"img-inner dark\" >\n\t\t\t<img loading=\"lazy\" decoding=\"async\" width=\"804\" height=\"269\" src=\"https:\/\/www.kolmar.cz\/wp-content\/uploads\/2021\/01\/spodnyPohlad.png\" class=\"attachment-large size-large\" alt=\"\" srcset=\"https:\/\/www.kolmar.cz\/wp-content\/uploads\/2021\/01\/spodnyPohlad.png 804w, https:\/\/www.kolmar.cz\/wp-content\/uploads\/2021\/01\/spodnyPohlad-510x171.png 510w, https:\/\/www.kolmar.cz\/wp-content\/uploads\/2021\/01\/spodnyPohlad-300x100.png 300w, https:\/\/www.kolmar.cz\/wp-content\/uploads\/2021\/01\/spodnyPohlad-768x257.png 768w\" sizes=\"(max-width: 804px) 100vw, 804px\" \/>\t\t\t\t\t\t\n\t\t\t\t\t<\/div>\n\t\t\t\t\t\t\t\t\n<style>\n#image_1636770011 {\n  width: 62%;\n}\n<\/style>\n\t<\/div>\n\t\n        <\/div>\n      <\/div>\n\n            \n<style>\n#banner-848139584 {\n  padding-top: 280px;\n  background-color: rgb(255,255,255);\n}\n<\/style>\n  <\/div>","protected":false},"excerpt":{"rendered":"<p><span style=\"font-weight: 400;\">V\u00e1le\u010dn\u00e1 ko\u0159ist M140.313 p\u0159id\u011blena do v\u00fdtopn\u011b ve Vesel\u00ed nad Moravou, taky zn\u00e1ma jako \u201cManka\u201d. Vyrobena v spolupr\u00e1ci s firmou <span style=\"text-decoration: underline;\"><strong><a href=\"http:\/\/www.kres.de\/produkte.html\" target=\"_blank\" rel=\"noopener\">KRES<\/a><\/strong><\/span>. V\u0161echny detaily jsou osazena. Na koleji\u0161ti se nejl\u00e9pe vyj\u00edm\u00e1 v kombinaci s <strong><span style=\"text-decoration: underline;\"><a href=\"https:\/\/www.kolmar.cz\/cs\/produkt\/privesny-vagon-cdlm\/\">P\u0159\u00edv\u011b\u0161\u00e1kem CDlm<\/a><\/span>.<\/strong><\/span><\/p>\n<p>K dispozici v dvou proveden\u00edch \u2013 Analogov\u00e1 verze nebo Digit\u00e1lni s dek\u00f3derem FlexDec\u00ae (kter\u00fd umo\u017e\u0148uje kontrolu nad osvetlen\u00edm).<\/p>\n<p>&nbsp;<\/p>","protected":false},"featured_media":660,"template":"","meta":[],"product_cat":[26],"product_tag":[52,56,65,64],"class_list":{"0":"post-20","1":"product","2":"type-product","3":"status-publish","4":"has-post-thumbnail","6":"product_cat-motorove-vozne-a-jednotky","7":"product_tag-csd","8":"product_tag-iii-epocha","9":"product_tag-kres","10":"product_tag-osobny-vlak","11":"product_shipping_class-free-shipping","13":"first","14":"outofstock","15":"taxable","16":"shipping-taxable","17":"purchasable","18":"product-type-simple"},"yoast_head":"<!-- This site is optimized with the Yoast SEO plugin v23.2 - https:\/\/yoast.com\/wordpress\/plugins\/seo\/ -->\n<title>Motor\u00e1k Manka \u010cSD TT - limitka od firmy KRES | Kolmar<\/title>\n<meta name=\"description\" content=\"Limitovan\u00fd motorov\u00fd voz Manka M140.313 \u010cSD TT s osvetlen\u00edm. Manku dop\u013a\u0148a pr\u00edvesn\u00fd vag\u00f3n CDlm \u010cSD TT. Spolupr\u00e1ca KRES a Kolmar\" \/>\n<meta name=\"robots\" content=\"index, follow, max-snippet:-1, max-image-preview:large, max-video-preview:-1\" \/>\n<link rel=\"canonical\" href=\"https:\/\/www.kolmar.cz\/cs\/produkt\/motorovy-voz-manka\/\" \/>\n<meta property=\"og:locale\" content=\"cs_CZ\" \/>\n<meta property=\"og:type\" content=\"article\" \/>\n<meta property=\"og:title\" content=\"Motor\u00e1k Manka \u010cSD TT - limitka od firmy KRES | Kolmar\" \/>\n<meta property=\"og:description\" content=\"Limitovan\u00fd motorov\u00fd voz Manka M140.313 \u010cSD TT s osvetlen\u00edm. Manku dop\u013a\u0148a pr\u00edvesn\u00fd vag\u00f3n CDlm \u010cSD TT. Spolupr\u00e1ca KRES a Kolmar\" \/>\n<meta property=\"og:url\" content=\"https:\/\/www.kolmar.cz\/cs\/produkt\/motorovy-voz-manka\/\" \/>\n<meta property=\"og:site_name\" content=\"Kolmar\" \/>\n<meta property=\"article:modified_time\" content=\"2026-02-21T15:58:13+00:00\" \/>\n<meta property=\"og:image\" content=\"https:\/\/www.kolmar.cz\/wp-content\/uploads\/2021\/03\/Manka_main_product_photo.jpg\" \/>\n\t<meta property=\"og:image:width\" content=\"600\" \/>\n\t<meta property=\"og:image:height\" content=\"600\" \/>\n\t<meta property=\"og:image:type\" content=\"image\/jpeg\" \/>\n<meta name=\"twitter:card\" content=\"summary_large_image\" \/>\n<meta name=\"twitter:label1\" content=\"Odhadovan\u00e1 doba \u010dten\u00ed\" \/>\n\t<meta name=\"twitter:data1\" content=\"3 minuty\" \/>\n<script type=\"application\/ld+json\" class=\"yoast-schema-graph\">{\"@context\":\"https:\/\/schema.org\",\"@graph\":[{\"@type\":\"WebPage\",\"@id\":\"https:\/\/www.kolmar.cz\/produkt\/motorovy-voz-manka\/\",\"url\":\"https:\/\/www.kolmar.cz\/produkt\/motorovy-voz-manka\/\",\"name\":\"Motor\u00e1k Manka \u010cSD TT - limitka od firmy KRES | Kolmar\",\"isPartOf\":{\"@id\":\"https:\/\/www.kolmar.cz\/#website\"},\"primaryImageOfPage\":{\"@id\":\"https:\/\/www.kolmar.cz\/produkt\/motorovy-voz-manka\/#primaryimage\"},\"image\":{\"@id\":\"https:\/\/www.kolmar.cz\/produkt\/motorovy-voz-manka\/#primaryimage\"},\"thumbnailUrl\":\"https:\/\/www.kolmar.cz\/wp-content\/uploads\/2021\/03\/Manka_main_product_photo.jpg\",\"datePublished\":\"2020-12-18T09:00:12+00:00\",\"dateModified\":\"2026-02-21T15:58:13+00:00\",\"description\":\"Limitovan\u00fd motorov\u00fd voz Manka M140.313 \u010cSD TT s osvetlen\u00edm. Manku dop\u013a\u0148a pr\u00edvesn\u00fd vag\u00f3n CDlm \u010cSD TT. Spolupr\u00e1ca KRES a Kolmar\",\"breadcrumb\":{\"@id\":\"https:\/\/www.kolmar.cz\/produkt\/motorovy-voz-manka\/#breadcrumb\"},\"inLanguage\":\"cs\",\"potentialAction\":[{\"@type\":\"ReadAction\",\"target\":[\"https:\/\/www.kolmar.cz\/produkt\/motorovy-voz-manka\/\"]}]},{\"@type\":\"ImageObject\",\"inLanguage\":\"cs\",\"@id\":\"https:\/\/www.kolmar.cz\/produkt\/motorovy-voz-manka\/#primaryimage\",\"url\":\"https:\/\/www.kolmar.cz\/wp-content\/uploads\/2021\/03\/Manka_main_product_photo.jpg\",\"contentUrl\":\"https:\/\/www.kolmar.cz\/wp-content\/uploads\/2021\/03\/Manka_main_product_photo.jpg\",\"width\":600,\"height\":600,\"caption\":\"Motor\u00e1k Manka \u010cSD TT M140.313 | Kolmar\"},{\"@type\":\"BreadcrumbList\",\"@id\":\"https:\/\/www.kolmar.cz\/produkt\/motorovy-voz-manka\/#breadcrumb\",\"itemListElement\":[{\"@type\":\"ListItem\",\"position\":1,\"name\":\"Home\",\"item\":\"https:\/\/www.kolmar.cz\/\"},{\"@type\":\"ListItem\",\"position\":2,\"name\":\"Obchod\",\"item\":\"https:\/\/www.kolmar.cz\/obchod\/\"},{\"@type\":\"ListItem\",\"position\":3,\"name\":\"Motor\u00e1k Manka\"}]},{\"@type\":\"WebSite\",\"@id\":\"https:\/\/www.kolmar.cz\/#website\",\"url\":\"https:\/\/www.kolmar.cz\/\",\"name\":\"Kolmar\",\"description\":\"Depo \u010cSD modelov ve\u013ekosti TT\",\"potentialAction\":[{\"@type\":\"SearchAction\",\"target\":{\"@type\":\"EntryPoint\",\"urlTemplate\":\"https:\/\/www.kolmar.cz\/?s={search_term_string}\"},\"query-input\":\"required name=search_term_string\"}],\"inLanguage\":\"cs\"}]}<\/script>\n<!-- \/ Yoast SEO plugin. -->","yoast_head_json":{"title":"Motor\u00e1k Manka \u010cSD TT - limitka od firmy KRES | Kolmar","description":"Limitovan\u00fd motorov\u00fd voz Manka M140.313 \u010cSD TT s osvetlen\u00edm. Manku dop\u013a\u0148a pr\u00edvesn\u00fd vag\u00f3n CDlm \u010cSD TT. Spolupr\u00e1ca KRES a Kolmar","robots":{"index":"index","follow":"follow","max-snippet":"max-snippet:-1","max-image-preview":"max-image-preview:large","max-video-preview":"max-video-preview:-1"},"canonical":"https:\/\/www.kolmar.cz\/cs\/produkt\/motorovy-voz-manka\/","og_locale":"cs_CZ","og_type":"article","og_title":"Motor\u00e1k Manka \u010cSD TT - limitka od firmy KRES | Kolmar","og_description":"Limitovan\u00fd motorov\u00fd voz Manka M140.313 \u010cSD TT s osvetlen\u00edm. Manku dop\u013a\u0148a pr\u00edvesn\u00fd vag\u00f3n CDlm \u010cSD TT. Spolupr\u00e1ca KRES a Kolmar","og_url":"https:\/\/www.kolmar.cz\/cs\/produkt\/motorovy-voz-manka\/","og_site_name":"Kolmar","article_modified_time":"2026-02-21T15:58:13+00:00","og_image":[{"width":600,"height":600,"url":"https:\/\/www.kolmar.cz\/wp-content\/uploads\/2021\/03\/Manka_main_product_photo.jpg","type":"image\/jpeg"}],"twitter_card":"summary_large_image","twitter_misc":{"Odhadovan\u00e1 doba \u010dten\u00ed":"3 minuty"},"schema":{"@context":"https:\/\/schema.org","@graph":[{"@type":"WebPage","@id":"https:\/\/www.kolmar.cz\/produkt\/motorovy-voz-manka\/","url":"https:\/\/www.kolmar.cz\/produkt\/motorovy-voz-manka\/","name":"Motor\u00e1k Manka \u010cSD TT - limitka od firmy KRES | Kolmar","isPartOf":{"@id":"https:\/\/www.kolmar.cz\/#website"},"primaryImageOfPage":{"@id":"https:\/\/www.kolmar.cz\/produkt\/motorovy-voz-manka\/#primaryimage"},"image":{"@id":"https:\/\/www.kolmar.cz\/produkt\/motorovy-voz-manka\/#primaryimage"},"thumbnailUrl":"https:\/\/www.kolmar.cz\/wp-content\/uploads\/2021\/03\/Manka_main_product_photo.jpg","datePublished":"2020-12-18T09:00:12+00:00","dateModified":"2026-02-21T15:58:13+00:00","description":"Limitovan\u00fd motorov\u00fd voz Manka M140.313 \u010cSD TT s osvetlen\u00edm. Manku dop\u013a\u0148a pr\u00edvesn\u00fd vag\u00f3n CDlm \u010cSD TT. Spolupr\u00e1ca KRES a Kolmar","breadcrumb":{"@id":"https:\/\/www.kolmar.cz\/produkt\/motorovy-voz-manka\/#breadcrumb"},"inLanguage":"cs","potentialAction":[{"@type":"ReadAction","target":["https:\/\/www.kolmar.cz\/produkt\/motorovy-voz-manka\/"]}]},{"@type":"ImageObject","inLanguage":"cs","@id":"https:\/\/www.kolmar.cz\/produkt\/motorovy-voz-manka\/#primaryimage","url":"https:\/\/www.kolmar.cz\/wp-content\/uploads\/2021\/03\/Manka_main_product_photo.jpg","contentUrl":"https:\/\/www.kolmar.cz\/wp-content\/uploads\/2021\/03\/Manka_main_product_photo.jpg","width":600,"height":600,"caption":"Motor\u00e1k Manka \u010cSD TT M140.313 | Kolmar"},{"@type":"BreadcrumbList","@id":"https:\/\/www.kolmar.cz\/produkt\/motorovy-voz-manka\/#breadcrumb","itemListElement":[{"@type":"ListItem","position":1,"name":"Home","item":"https:\/\/www.kolmar.cz\/"},{"@type":"ListItem","position":2,"name":"Obchod","item":"https:\/\/www.kolmar.cz\/obchod\/"},{"@type":"ListItem","position":3,"name":"Motor\u00e1k Manka"}]},{"@type":"WebSite","@id":"https:\/\/www.kolmar.cz\/#website","url":"https:\/\/www.kolmar.cz\/","name":"Kolmar","description":"Depo \u010cSD modelov ve\u013ekosti TT","potentialAction":[{"@type":"SearchAction","target":{"@type":"EntryPoint","urlTemplate":"https:\/\/www.kolmar.cz\/?s={search_term_string}"},"query-input":"required name=search_term_string"}],"inLanguage":"cs"}]}},"_links":{"self":[{"href":"https:\/\/www.kolmar.cz\/cs\/wp-json\/wp\/v2\/product\/20"}],"collection":[{"href":"https:\/\/www.kolmar.cz\/cs\/wp-json\/wp\/v2\/product"}],"about":[{"href":"https:\/\/www.kolmar.cz\/cs\/wp-json\/wp\/v2\/types\/product"}],"wp:featuredmedia":[{"embeddable":true,"href":"https:\/\/www.kolmar.cz\/cs\/wp-json\/wp\/v2\/media\/660"}],"wp:attachment":[{"href":"https:\/\/www.kolmar.cz\/cs\/wp-json\/wp\/v2\/media?parent=20"}],"wp:term":[{"taxonomy":"product_cat","embeddable":true,"href":"https:\/\/www.kolmar.cz\/cs\/wp-json\/wp\/v2\/product_cat?post=20"},{"taxonomy":"product_tag","embeddable":true,"href":"https:\/\/www.kolmar.cz\/cs\/wp-json\/wp\/v2\/product_tag?post=20"}],"curies":[{"name":"wp","href":"https:\/\/api.w.org\/{rel}","templated":true}]}}