{"id":2699,"date":"2024-11-22T07:36:31","date_gmt":"2024-11-22T06:36:31","guid":{"rendered":"https:\/\/www.kolmar.cz\/?post_type=product&#038;p=2699"},"modified":"2025-04-17T17:24:27","modified_gmt":"2025-04-17T15:24:27","slug":"nakladak-ra-sestosy","status":"publish","type":"product","link":"https:\/\/www.kolmar.cz\/cs\/produkt\/nakladak-ra-sestosy\/","title":{"rendered":"N\u00e1kladn\u00ed v\u016fz Ra \u2013 \u0161estin\u00e1pravov\u00fd"},"content":{"rendered":"<section class=\"section section-container\" id=\"section_30735418\">\n\t\t<div class=\"section-bg fill\" >\n\t\t\t\t\t\t\t\t\t\n\t\t\t\n\n\t\t<\/div>\n\n\t\t\n\n\t\t<div class=\"section-content relative\">\n\t\t\t\n\t<div id=\"text-1840350349\" class=\"text\">\n\t\t\n<h3 class=\"highlighted-headline\">Toto je m\u016fj p\u0159\u00edb\u011bh<\/h3>\n<h2 class=\"soft-headline\">Jak\u00e9 jsou podm\u00ednky realizace modelu N\u00e1kladn\u00ed v\u016fz Ra \u2013 \u0161estin\u00e1pravov\u00fd?<\/h2>\n\t\t\n<style>\n#text-1840350349 {\n  text-align: center;\n}\n<\/style>\n\t<\/div>\n\t\n\t<div id=\"gap-1565995468\" class=\"gap-element clearfix\" style=\"display:block; height:auto;\">\n\t\t\n<style>\n#gap-1565995468 {\n  padding-top: 40px;\n}\n<\/style>\n\t<\/div>\n\t\n<div class=\"row\"  id=\"row-218402805\">\n\n\t<div id=\"col-435477642\" class=\"col hide-for-small medium-2 small-12 large-2\"  >\n\t\t\t\t<div class=\"col-inner\"  >\n\t\t\t\n\t\t\t\n\t\t<\/div>\n\t\t\t\t\t<\/div>\n\n\t\n\n\t<div id=\"col-1150159531\" class=\"col medium-8 small-12 large-8\"  >\n\t\t\t\t<div class=\"col-inner\"  >\n\t\t\t\n\t\t\t\n\t<div id=\"text-460447204\" class=\"text\">\n\t\t\n<p>Moje v\u00fdroba, kterou exkluzivn\u011b zajist\u00ed <strong><a href=\"https:\/\/www.kolmar.cz\/cs\/product-tag\/karsei\/\">firma Karsei<\/a><\/strong> pro Kolmar \u2013 stejn\u011b jako pro <strong><a href=\"https:\/\/www.kolmar.cz\/cs\/produkt\/nakladak-vssa-csd-tt\/\">N\u00e1kladn\u00ed v\u016fz Vssa<\/a><\/strong> \u2013 je napl\u00e1nov\u00e1na na druh\u00fd \u010dtvrtlet\u00ed roku 2025. Do v\u00fdroby se v\u0161ak dostanu jen v p\u0159\u00edpad\u011b, \u017ee se najde dostate\u010dn\u00fd po\u010det sb\u011bratel\u016f, kte\u0159\u00ed by m\u011b cht\u011bli za\u0159adit do sv\u00e9 sb\u00edrky. S\u00e9rie je limitov\u00e1na na 200 kus\u016f.<\/p>\n\t\t\n<style>\n#text-460447204 {\n  text-align: center;\n}\n<\/style>\n\t<\/div>\n\t\n\t\t<\/div>\n\t\t\t\t\t<\/div>\n\n\t\n\n\t<div id=\"col-995111501\" class=\"col hide-for-small medium-2 small-12 large-2\"  >\n\t\t\t\t<div class=\"col-inner\"  >\n\t\t\t\n\t\t\t\n\t\t<\/div>\n\t\t\t\t\t<\/div>\n\n\t\n<\/div>\n\t<div id=\"gap-424104410\" class=\"gap-element clearfix\" style=\"display:block; height:auto;\">\n\t\t\n<style>\n#gap-424104410 {\n  padding-top: 40px;\n}\n<\/style>\n\t<\/div>\n\t\n\t\t<\/div>\n\n\t\t\n<style>\n#section_30735418 {\n  padding-top: 0px;\n  padding-bottom: 0px;\n}\n<\/style>\n\t<\/section>\n\t\n\t<div class=\"img has-hover x md-x lg-x y md-y lg-y\" id=\"image_63071208\">\n\t\t\t\t\t\t\t\t<div class=\"img-inner dark\" >\n\t\t\t<img loading=\"lazy\" decoding=\"async\" width=\"2440\" height=\"600\" src=\"https:\/\/www.kolmar.cz\/wp-content\/uploads\/2024\/11\/Ra-CSD_stripe.jpg\" class=\"attachment-large size-large\" alt=\"Bo\u010dn\u00fd poh\u013ead na n\u00e1kladn\u00fd vag\u00f3n Ra \u0161es\u0165os\u00fd \u010cSD TT od firmy Kolmar\" srcset=\"https:\/\/www.kolmar.cz\/wp-content\/uploads\/2024\/11\/Ra-CSD_stripe.jpg 2440w, https:\/\/www.kolmar.cz\/wp-content\/uploads\/2024\/11\/Ra-CSD_stripe-768x189.jpg 768w, https:\/\/www.kolmar.cz\/wp-content\/uploads\/2024\/11\/Ra-CSD_stripe-1536x378.jpg 1536w, https:\/\/www.kolmar.cz\/wp-content\/uploads\/2024\/11\/Ra-CSD_stripe-2048x504.jpg 2048w, https:\/\/www.kolmar.cz\/wp-content\/uploads\/2024\/11\/Ra-CSD_stripe-18x4.jpg 18w, https:\/\/www.kolmar.cz\/wp-content\/uploads\/2024\/11\/Ra-CSD_stripe-510x125.jpg 510w\" sizes=\"(max-width: 2440px) 100vw, 2440px\" \/>\t\t\t\t\t\t\n\t\t\t\t\t<\/div>\n\t\t\t\t\t\t\t\t\n<style>\n#image_63071208 {\n  width: 100%;\n}\n@media (min-width:550px) {\n  #image_63071208 {\n    width: 100%;\n  }\n}\n<\/style>\n\t<\/div>\n\t\n\n\t<section class=\"section\" id=\"section_459961645\">\n\t\t<div class=\"section-bg fill\" >\n\t\t\t\t\t\t\t\t\t\n\t\t\t\n\n\t\t<\/div>\n\n\t\t\n\n\t\t<div class=\"section-content relative\">\n\t\t\t\n\n\t<div id=\"text-4193078744\" class=\"text\">\n\t\t\n<h3 class=\"highlighted-headline\">Po stop\u00e1ch \u017eeleznice<\/h3>\n<h2 class=\"soft-headline\">Jak\u00e1 je historie n\u00e1kladn\u00edch cisternov\u00fdch voz\u016f Ra \u2013 p\u0159edloh pro model N\u00e1kladn\u00ed v\u016fz Ra \u2013 \u0161es\u00edn\u00e1pravov\u00fd?<\/h2>\n\t\t\n<style>\n#text-4193078744 {\n  text-align: center;\n}\n<\/style>\n\t<\/div>\n\t\n\t<div id=\"gap-1907280837\" class=\"gap-element clearfix\" style=\"display:block; height:auto;\">\n\t\t\n<style>\n#gap-1907280837 {\n  padding-top: 40px;\n}\n<\/style>\n\t<\/div>\n\t\n<div class=\"row\"  id=\"row-1799594844\">\n\n\t<div id=\"col-2119816033\" class=\"col hide-for-small medium-2 small-12 large-2\"  >\n\t\t\t\t<div class=\"col-inner\"  >\n\t\t\t\n\t\t\t\n\t\t<\/div>\n\t\t\t\t\t<\/div>\n\n\t\n\n\t<div id=\"col-744553389\" class=\"col medium-8 small-12 large-8\"  >\n\t\t\t\t<div class=\"col-inner\"  >\n\t\t\t\n\t\t\t\n\t<div id=\"text-3510633275\" class=\"text\">\n\t\t\n<p>Po druh\u00e9 sv\u011btov\u00e9 v\u00e1lce z\u016fstalo na \u00fazem\u00ed \u010ceskoslovenska n\u011bkolik n\u011bmeck\u00fdch 6-n\u00e1pravov\u00fdch cistern typu Ra. Tyto vozy byly p\u016fvodn\u011b sou\u010d\u00e1st\u00ed n\u011bmeck\u00e9ho vozov\u00e9ho parku, ale po v\u00e1lce na\u0161ly vyu\u017eit\u00ed v chemick\u00e9m pr\u016fmyslu. Jejich provoz zaji\u0161\u0165oval Spolek pro chemickou a hutn\u00ed v\u00fdrobu (Spolchemia) se s\u00eddlem v \u00dast\u00ed nad Labem. Celkem bylo do jejich spr\u00e1vy p\u0159id\u011bleno 8 cistern, kter\u00e9 dostaly invent\u00e1rn\u00ed \u010d\u00edsla 566175 a\u017e 566182.<\/p>\n\t\t\n<style>\n#text-3510633275 {\n  text-align: center;\n}\n<\/style>\n\t<\/div>\n\t\n\t\t<\/div>\n\t\t\t\t\t<\/div>\n\n\t\n\n\t<div id=\"col-1803317188\" class=\"col hide-for-small medium-2 small-12 large-2\"  >\n\t\t\t\t<div class=\"col-inner\"  >\n\t\t\t\n\t\t\t\n\t\t<\/div>\n\t\t\t\t\t<\/div>\n\n\t\n<\/div>\n\t<div id=\"gap-99437049\" class=\"gap-element clearfix\" style=\"display:block; height:auto;\">\n\t\t\n<style>\n#gap-99437049 {\n  padding-top: 0px;\n}\n@media (min-width:550px) {\n  #gap-99437049 {\n    padding-top: 40px;\n  }\n}\n<\/style>\n\t<\/div>\n\t\n\t\t<\/div>\n\n\t\t\n<style>\n#section_459961645 {\n  padding-top: 0px;\n  padding-bottom: 0px;\n  background-color: rgb(246, 246, 248);\n}\n<\/style>\n\t<\/section>\n\t\n\t<div class=\"img has-hover hidden x md-x lg-x y md-y lg-y\" id=\"image_1803158434\">\n\t\t\t\t\t\t\t\t<div class=\"img-inner dark\" >\n\t\t\t<img loading=\"lazy\" decoding=\"async\" width=\"2440\" height=\"920\" src=\"https:\/\/www.kolmar.cz\/wp-content\/uploads\/2024\/11\/Historicky-pohlad-na-nakladny-otvoreny-vagon-Vssa-CSD-TT-od-firmy-Kolmar.jpg\" class=\"attachment-large size-large\" alt=\"Historicky\u0301 pohl\u030cad na na\u0301kladny\u0301 otvoreny\u0301 vago\u0301n Vssa C\u030cSD TT od firmy Kolmar\" srcset=\"https:\/\/www.kolmar.cz\/wp-content\/uploads\/2024\/11\/Historicky-pohlad-na-nakladny-otvoreny-vagon-Vssa-CSD-TT-od-firmy-Kolmar.jpg 2440w, https:\/\/www.kolmar.cz\/wp-content\/uploads\/2024\/11\/Historicky-pohlad-na-nakladny-otvoreny-vagon-Vssa-CSD-TT-od-firmy-Kolmar-768x290.jpg 768w, https:\/\/www.kolmar.cz\/wp-content\/uploads\/2024\/11\/Historicky-pohlad-na-nakladny-otvoreny-vagon-Vssa-CSD-TT-od-firmy-Kolmar-1536x579.jpg 1536w, https:\/\/www.kolmar.cz\/wp-content\/uploads\/2024\/11\/Historicky-pohlad-na-nakladny-otvoreny-vagon-Vssa-CSD-TT-od-firmy-Kolmar-2048x772.jpg 2048w, https:\/\/www.kolmar.cz\/wp-content\/uploads\/2024\/11\/Historicky-pohlad-na-nakladny-otvoreny-vagon-Vssa-CSD-TT-od-firmy-Kolmar-18x7.jpg 18w, https:\/\/www.kolmar.cz\/wp-content\/uploads\/2024\/11\/Historicky-pohlad-na-nakladny-otvoreny-vagon-Vssa-CSD-TT-od-firmy-Kolmar-510x192.jpg 510w\" sizes=\"(max-width: 2440px) 100vw, 2440px\" \/>\t\t\t\t\t\t\n\t\t\t\t\t<\/div>\n\t\t\t\t\t\t\t\t\n<style>\n#image_1803158434 {\n  width: 100%;\n}\n<\/style>\n\t<\/div>\n\t\n\n\t<section class=\"section\" id=\"section_1091139649\">\n\t\t<div class=\"section-bg fill\" >\n\t\t\t\t\t\t\t\t\t\n\t\t\t\n\n\t\t<\/div>\n\n\t\t\n\n\t\t<div class=\"section-content relative\">\n\t\t\t\n\t<div id=\"gap-1314049259\" class=\"gap-element clearfix\" style=\"display:block; height:auto;\">\n\t\t\n<style>\n#gap-1314049259 {\n  padding-top: 40px;\n}\n@media (min-width:550px) {\n  #gap-1314049259 {\n    padding-top: 80px;\n  }\n}\n<\/style>\n\t<\/div>\n\t\n<div class=\"row row-collapse\"  id=\"row-1199175744\">\n\n\t<div id=\"col-32567252\" class=\"col hide-for-small medium-2 small-12 large-2\"  >\n\t\t\t\t<div class=\"col-inner\"  >\n\t\t\t\n\t\t\t\n\t\t<\/div>\n\t\t\t\t\t<\/div>\n\n\t\n\n\t<div id=\"col-816909884\" class=\"col medium-8 small-12 large-8\"  >\n\t\t\t\t<div class=\"col-inner\"  >\n\t\t\t\n\t\t\t\n\t<div id=\"text-1720396479\" class=\"text\">\n\t\t\n<h2>Technick\u00e9 detaily<\/h2>\n<div id=\"gtx-trans\" style=\"position: absolute; left: -17px; top: 47.2891px;\">\n<div class=\"gtx-trans-icon\"><\/div>\n<\/div>\n\t\t\n<style>\n#text-1720396479 {\n  text-align: center;\n}\n<\/style>\n\t<\/div>\n\t\n\t\t<\/div>\n\t\t\t\t\t<\/div>\n\n\t\n\n\t<div id=\"col-1201998709\" class=\"col hide-for-small medium-2 small-12 large-2\"  >\n\t\t\t\t<div class=\"col-inner\"  >\n\t\t\t\n\t\t\t\n\t\t<\/div>\n\t\t\t\t\t<\/div>\n\n\t\n<\/div>\n\t\t<\/div>\n\n\t\t\n<style>\n#section_1091139649 {\n  padding-top: 0px;\n  padding-bottom: 0px;\n}\n<\/style>\n\t<\/section>","protected":false},"excerpt":{"rendered":"<p>Jsem \u0161estin\u00e1pravov\u00e1 cisterna \u0159ady Ra, navr\u017een\u00e1 s brzdov\u00fdm domkem. Jsem vybavena kovov\u00fdmi dvojkol\u00edmi a kinematikou podle normy NEM 358.<br \/>\nSv\u00fdm proveden\u00edm zapad\u00e1m do druh\u00e9 poloviny 40. let, kdy jsem slou\u017eila pod hlavi\u010dkou Spolchemie v p\u016fvodn\u00edm \u0161ed\u00e9m n\u00e1t\u011bru.<\/p>\n<p><strong>Vzh\u013eadom na n\u00edzky z\u00e1ujem sa moja v\u00fdroba nebude realizova\u0165<\/strong><\/p>","protected":false},"featured_media":2700,"template":"","meta":[],"product_cat":[20],"product_tag":[52,56,61,58],"class_list":{"0":"post-2699","1":"product","2":"type-product","3":"status-publish","4":"has-post-thumbnail","6":"product_cat-nakladne_vagony","7":"product_tag-csd","8":"product_tag-iii-epocha","9":"product_tag-karsei","10":"product_tag-nakladny-vlak","12":"first","13":"outofstock","14":"taxable","15":"shipping-taxable","16":"purchasable","17":"product-type-simple"},"yoast_head":"<!-- This site is optimized with the Yoast SEO plugin v23.2 - https:\/\/yoast.com\/wordpress\/plugins\/seo\/ -->\n<title>N\u00e1kla\u010f\u00e1k Ra - \u0161es\u0165os\u00fd, model cisterny \u010cSD TT od firmy Karsei | Kolmar<\/title>\n<meta name=\"description\" content=\"\u0160es\u0165os\u00fd cisternov\u00fd n\u00e1kladn\u00fd vag\u00f3n Ra od \u010cSD s brzd\u00e1rskou b\u00fadkou. Model je vo ve\u013ekosti TT, III. epocha. Spolupr\u00e1ca firmy Karsei a Kolmar\" \/>\n<meta name=\"robots\" content=\"index, follow, max-snippet:-1, max-image-preview:large, max-video-preview:-1\" \/>\n<link rel=\"canonical\" href=\"https:\/\/www.kolmar.cz\/cs\/produkt\/nakladak-ra-sestosy\/\" \/>\n<meta property=\"og:locale\" content=\"cs_CZ\" \/>\n<meta property=\"og:type\" content=\"article\" \/>\n<meta property=\"og:title\" content=\"N\u00e1kla\u010f\u00e1k Ra - \u0161es\u0165os\u00fd, model cisterny \u010cSD TT od firmy Karsei | Kolmar\" \/>\n<meta property=\"og:description\" content=\"\u0160es\u0165os\u00fd cisternov\u00fd n\u00e1kladn\u00fd vag\u00f3n Ra od \u010cSD s brzd\u00e1rskou b\u00fadkou. Model je vo ve\u013ekosti TT, III. epocha. Spolupr\u00e1ca firmy Karsei a Kolmar\" \/>\n<meta property=\"og:url\" content=\"https:\/\/www.kolmar.cz\/cs\/produkt\/nakladak-ra-sestosy\/\" \/>\n<meta property=\"og:site_name\" content=\"Kolmar\" \/>\n<meta property=\"article:modified_time\" content=\"2025-04-17T15:24:27+00:00\" \/>\n<meta property=\"og:image\" content=\"https:\/\/www.kolmar.cz\/wp-content\/uploads\/2024\/11\/Nakladny-vagon-Ra-sestosy-CSD-TT-od-firmy-Kolmar.jpg\" \/>\n\t<meta property=\"og:image:width\" content=\"1200\" \/>\n\t<meta property=\"og:image:height\" content=\"1200\" \/>\n\t<meta property=\"og:image:type\" content=\"image\/jpeg\" \/>\n<meta name=\"twitter:card\" content=\"summary_large_image\" \/>\n<meta name=\"twitter:label1\" content=\"Odhadovan\u00e1 doba \u010dten\u00ed\" \/>\n\t<meta name=\"twitter:data1\" content=\"2 minuty\" \/>\n<script type=\"application\/ld+json\" class=\"yoast-schema-graph\">{\"@context\":\"https:\/\/schema.org\",\"@graph\":[{\"@type\":\"WebPage\",\"@id\":\"https:\/\/www.kolmar.cz\/produkt\/nakladak-ra-sestosy\/\",\"url\":\"https:\/\/www.kolmar.cz\/produkt\/nakladak-ra-sestosy\/\",\"name\":\"N\u00e1kla\u010f\u00e1k Ra - \u0161es\u0165os\u00fd, model cisterny \u010cSD TT od firmy Karsei | Kolmar\",\"isPartOf\":{\"@id\":\"https:\/\/www.kolmar.cz\/#website\"},\"primaryImageOfPage\":{\"@id\":\"https:\/\/www.kolmar.cz\/produkt\/nakladak-ra-sestosy\/#primaryimage\"},\"image\":{\"@id\":\"https:\/\/www.kolmar.cz\/produkt\/nakladak-ra-sestosy\/#primaryimage\"},\"thumbnailUrl\":\"https:\/\/www.kolmar.cz\/wp-content\/uploads\/2024\/11\/Nakladny-vagon-Ra-sestosy-CSD-TT-od-firmy-Kolmar.jpg\",\"datePublished\":\"2024-11-22T06:36:31+00:00\",\"dateModified\":\"2025-04-17T15:24:27+00:00\",\"description\":\"\u0160es\u0165os\u00fd cisternov\u00fd n\u00e1kladn\u00fd vag\u00f3n Ra od \u010cSD s brzd\u00e1rskou b\u00fadkou. Model je vo ve\u013ekosti TT, III. epocha. Spolupr\u00e1ca firmy Karsei a Kolmar\",\"breadcrumb\":{\"@id\":\"https:\/\/www.kolmar.cz\/produkt\/nakladak-ra-sestosy\/#breadcrumb\"},\"inLanguage\":\"cs\",\"potentialAction\":[{\"@type\":\"ReadAction\",\"target\":[\"https:\/\/www.kolmar.cz\/produkt\/nakladak-ra-sestosy\/\"]}]},{\"@type\":\"ImageObject\",\"inLanguage\":\"cs\",\"@id\":\"https:\/\/www.kolmar.cz\/produkt\/nakladak-ra-sestosy\/#primaryimage\",\"url\":\"https:\/\/www.kolmar.cz\/wp-content\/uploads\/2024\/11\/Nakladny-vagon-Ra-sestosy-CSD-TT-od-firmy-Kolmar.jpg\",\"contentUrl\":\"https:\/\/www.kolmar.cz\/wp-content\/uploads\/2024\/11\/Nakladny-vagon-Ra-sestosy-CSD-TT-od-firmy-Kolmar.jpg\",\"width\":1200,\"height\":1200,\"caption\":\"Na\u0301kladny\u0301 vago\u0301n Ra s\u030cest\u030cosy\u0301 C\u030cSD TT od firmy Kolmar\"},{\"@type\":\"BreadcrumbList\",\"@id\":\"https:\/\/www.kolmar.cz\/produkt\/nakladak-ra-sestosy\/#breadcrumb\",\"itemListElement\":[{\"@type\":\"ListItem\",\"position\":1,\"name\":\"Home\",\"item\":\"https:\/\/www.kolmar.cz\/\"},{\"@type\":\"ListItem\",\"position\":2,\"name\":\"Obchod\",\"item\":\"https:\/\/www.kolmar.cz\/obchod\/\"},{\"@type\":\"ListItem\",\"position\":3,\"name\":\"N\u00e1kla\u010f\u00e1k Ra &#8211; \u0161es\u0165os\u00fd\"}]},{\"@type\":\"WebSite\",\"@id\":\"https:\/\/www.kolmar.cz\/#website\",\"url\":\"https:\/\/www.kolmar.cz\/\",\"name\":\"Kolmar\",\"description\":\"Depo \u010cSD modelov ve\u013ekosti TT\",\"potentialAction\":[{\"@type\":\"SearchAction\",\"target\":{\"@type\":\"EntryPoint\",\"urlTemplate\":\"https:\/\/www.kolmar.cz\/?s={search_term_string}\"},\"query-input\":\"required name=search_term_string\"}],\"inLanguage\":\"cs\"}]}<\/script>\n<!-- \/ Yoast SEO plugin. -->","yoast_head_json":{"title":"N\u00e1kla\u010f\u00e1k Ra - \u0161es\u0165os\u00fd, model cisterny \u010cSD TT od firmy Karsei | Kolmar","description":"\u0160es\u0165os\u00fd cisternov\u00fd n\u00e1kladn\u00fd vag\u00f3n Ra od \u010cSD s brzd\u00e1rskou b\u00fadkou. Model je vo ve\u013ekosti TT, III. epocha. Spolupr\u00e1ca firmy Karsei a Kolmar","robots":{"index":"index","follow":"follow","max-snippet":"max-snippet:-1","max-image-preview":"max-image-preview:large","max-video-preview":"max-video-preview:-1"},"canonical":"https:\/\/www.kolmar.cz\/cs\/produkt\/nakladak-ra-sestosy\/","og_locale":"cs_CZ","og_type":"article","og_title":"N\u00e1kla\u010f\u00e1k Ra - \u0161es\u0165os\u00fd, model cisterny \u010cSD TT od firmy Karsei | Kolmar","og_description":"\u0160es\u0165os\u00fd cisternov\u00fd n\u00e1kladn\u00fd vag\u00f3n Ra od \u010cSD s brzd\u00e1rskou b\u00fadkou. Model je vo ve\u013ekosti TT, III. epocha. Spolupr\u00e1ca firmy Karsei a Kolmar","og_url":"https:\/\/www.kolmar.cz\/cs\/produkt\/nakladak-ra-sestosy\/","og_site_name":"Kolmar","article_modified_time":"2025-04-17T15:24:27+00:00","og_image":[{"width":1200,"height":1200,"url":"https:\/\/www.kolmar.cz\/wp-content\/uploads\/2024\/11\/Nakladny-vagon-Ra-sestosy-CSD-TT-od-firmy-Kolmar.jpg","type":"image\/jpeg"}],"twitter_card":"summary_large_image","twitter_misc":{"Odhadovan\u00e1 doba \u010dten\u00ed":"2 minuty"},"schema":{"@context":"https:\/\/schema.org","@graph":[{"@type":"WebPage","@id":"https:\/\/www.kolmar.cz\/produkt\/nakladak-ra-sestosy\/","url":"https:\/\/www.kolmar.cz\/produkt\/nakladak-ra-sestosy\/","name":"N\u00e1kla\u010f\u00e1k Ra - \u0161es\u0165os\u00fd, model cisterny \u010cSD TT od firmy Karsei | Kolmar","isPartOf":{"@id":"https:\/\/www.kolmar.cz\/#website"},"primaryImageOfPage":{"@id":"https:\/\/www.kolmar.cz\/produkt\/nakladak-ra-sestosy\/#primaryimage"},"image":{"@id":"https:\/\/www.kolmar.cz\/produkt\/nakladak-ra-sestosy\/#primaryimage"},"thumbnailUrl":"https:\/\/www.kolmar.cz\/wp-content\/uploads\/2024\/11\/Nakladny-vagon-Ra-sestosy-CSD-TT-od-firmy-Kolmar.jpg","datePublished":"2024-11-22T06:36:31+00:00","dateModified":"2025-04-17T15:24:27+00:00","description":"\u0160es\u0165os\u00fd cisternov\u00fd n\u00e1kladn\u00fd vag\u00f3n Ra od \u010cSD s brzd\u00e1rskou b\u00fadkou. Model je vo ve\u013ekosti TT, III. epocha. Spolupr\u00e1ca firmy Karsei a Kolmar","breadcrumb":{"@id":"https:\/\/www.kolmar.cz\/produkt\/nakladak-ra-sestosy\/#breadcrumb"},"inLanguage":"cs","potentialAction":[{"@type":"ReadAction","target":["https:\/\/www.kolmar.cz\/produkt\/nakladak-ra-sestosy\/"]}]},{"@type":"ImageObject","inLanguage":"cs","@id":"https:\/\/www.kolmar.cz\/produkt\/nakladak-ra-sestosy\/#primaryimage","url":"https:\/\/www.kolmar.cz\/wp-content\/uploads\/2024\/11\/Nakladny-vagon-Ra-sestosy-CSD-TT-od-firmy-Kolmar.jpg","contentUrl":"https:\/\/www.kolmar.cz\/wp-content\/uploads\/2024\/11\/Nakladny-vagon-Ra-sestosy-CSD-TT-od-firmy-Kolmar.jpg","width":1200,"height":1200,"caption":"Na\u0301kladny\u0301 vago\u0301n Ra s\u030cest\u030cosy\u0301 C\u030cSD TT od firmy Kolmar"},{"@type":"BreadcrumbList","@id":"https:\/\/www.kolmar.cz\/produkt\/nakladak-ra-sestosy\/#breadcrumb","itemListElement":[{"@type":"ListItem","position":1,"name":"Home","item":"https:\/\/www.kolmar.cz\/"},{"@type":"ListItem","position":2,"name":"Obchod","item":"https:\/\/www.kolmar.cz\/obchod\/"},{"@type":"ListItem","position":3,"name":"N\u00e1kla\u010f\u00e1k Ra &#8211; \u0161es\u0165os\u00fd"}]},{"@type":"WebSite","@id":"https:\/\/www.kolmar.cz\/#website","url":"https:\/\/www.kolmar.cz\/","name":"Kolmar","description":"Depo \u010cSD modelov ve\u013ekosti TT","potentialAction":[{"@type":"SearchAction","target":{"@type":"EntryPoint","urlTemplate":"https:\/\/www.kolmar.cz\/?s={search_term_string}"},"query-input":"required name=search_term_string"}],"inLanguage":"cs"}]}},"_links":{"self":[{"href":"https:\/\/www.kolmar.cz\/cs\/wp-json\/wp\/v2\/product\/2699"}],"collection":[{"href":"https:\/\/www.kolmar.cz\/cs\/wp-json\/wp\/v2\/product"}],"about":[{"href":"https:\/\/www.kolmar.cz\/cs\/wp-json\/wp\/v2\/types\/product"}],"wp:featuredmedia":[{"embeddable":true,"href":"https:\/\/www.kolmar.cz\/cs\/wp-json\/wp\/v2\/media\/2700"}],"wp:attachment":[{"href":"https:\/\/www.kolmar.cz\/cs\/wp-json\/wp\/v2\/media?parent=2699"}],"wp:term":[{"taxonomy":"product_cat","embeddable":true,"href":"https:\/\/www.kolmar.cz\/cs\/wp-json\/wp\/v2\/product_cat?post=2699"},{"taxonomy":"product_tag","embeddable":true,"href":"https:\/\/www.kolmar.cz\/cs\/wp-json\/wp\/v2\/product_tag?post=2699"}],"curies":[{"name":"wp","href":"https:\/\/api.w.org\/{rel}","templated":true}]}}