{"id":304,"date":"2021-01-09T22:13:41","date_gmt":"2021-01-09T21:13:41","guid":{"rendered":"https:\/\/www.kolmar.cz\/?post_type=product&#038;p=304"},"modified":"2023-11-22T20:41:34","modified_gmt":"2023-11-22T19:41:34","slug":"privesny-vagon-cdlm","status":"publish","type":"product","link":"https:\/\/www.kolmar.cz\/cs\/produkt\/privesny-vagon-cdlm\/","title":{"rendered":"P\u0159\u00edv\u011b\u0161\u00e1k CDlm"},"content":{"rendered":"<section class=\"section\" id=\"section_960382028\">\n\t\t<div class=\"section-bg fill\" >\n\t\t\t\t\t\t\t\t\t\n\t\t\t\n\n\t\t<\/div>\n\n\t\t\n\n\t\t<div class=\"section-content relative\">\n\t\t\t\n<div class=\"row\"  id=\"row-322001588\">\n\n\t<div id=\"col-1315510850\" class=\"col medium-2 small-12 large-2\"  >\n\t\t\t\t<div class=\"col-inner\"  >\n\t\t\t\n\t\t\t\n\t\t<\/div>\n\t\t\t\t\t<\/div>\n\n\t\n\n\t<div id=\"col-1800369741\" class=\"col medium-8 small-12 large-8 small-col-first\"  >\n\t\t\t\t<div class=\"col-inner text-center\"  >\n\t\t\t\n\t\t\t\n\t<div id=\"text-3451420309\" class=\"text\">\n\t\t\n<h2><span style=\"color: #404548;\">Jak jsem si na\u0161el cestu k tob\u011b<\/span><\/h2>\n<p data-line-height=\"l\"><span style=\"color: #404548;\">Vznikl jsem jen d\u00edky v\u00e1m, nad\u0161en\u00fdm \"bl\u00e1zn\u016fm\" zap\u00e1len\u00fdm pro v\u011bc. <span style=\"text-decoration: underline;\"><a style=\"color: #404548; text-decoration: underline;\" href=\"http:\/\/www.kres.de\/produkte.html\"><strong>KRES<\/strong><\/a><\/span> si dal op\u011bt p\u0159i m\u00e9 v\u00fdrob\u011b z\u00e1le\u017eet. Barva nen\u00ed nikde zafouk\u00e1n\u00ed a popisky? I ty nejmen\u0161\u00ed p\u0159e\u010dte\u0161 pod lupou.<\/span><\/p>\n\t\t\n<style>\n#text-3451420309 {\n  line-height: 1;\n  text-align: center;\n}\n<\/style>\n\t<\/div>\n\t\n\t\t<\/div>\n\t\t\t\t\t<\/div>\n\n\t\n\n\t<div id=\"col-273474096\" class=\"col medium-2 small-12 large-2\"  >\n\t\t\t\t<div class=\"col-inner\"  >\n\t\t\t\n\t\t\t\n\t\t<\/div>\n\t\t\t\t\t<\/div>\n\n\t\n\n<style>\n#row-322001588 > .col > .col-inner {\n  padding: 40px 0px 0px 0px;\n}\n<\/style>\n<\/div>\n\t\t<\/div>\n\n\t\t\n<style>\n#section_960382028 {\n  padding-top: 0px;\n  padding-bottom: 0px;\n}\n<\/style>\n\t<\/section>\n\t\n\t<div class=\"img has-hover x md-x lg-x y md-y lg-y\" id=\"image_75638535\">\n\t\t\t\t\t\t\t\t<div class=\"img-inner dark\" >\n\t\t\t<img loading=\"lazy\" decoding=\"async\" width=\"1024\" height=\"252\" src=\"https:\/\/www.kolmar.cz\/wp-content\/uploads\/2021\/02\/CDlm_bocny_pohlad-1024x252.png\" class=\"attachment-large size-large\" alt=\"Pr\u00edve\u0161\u00e1k CDlm pre Manku\" srcset=\"https:\/\/www.kolmar.cz\/wp-content\/uploads\/2021\/02\/CDlm_bocny_pohlad-1024x252.png 1024w, https:\/\/www.kolmar.cz\/wp-content\/uploads\/2021\/02\/CDlm_bocny_pohlad-510x125.png 510w, https:\/\/www.kolmar.cz\/wp-content\/uploads\/2021\/02\/CDlm_bocny_pohlad-300x74.png 300w, https:\/\/www.kolmar.cz\/wp-content\/uploads\/2021\/02\/CDlm_bocny_pohlad-768x189.png 768w, https:\/\/www.kolmar.cz\/wp-content\/uploads\/2021\/02\/CDlm_bocny_pohlad-16x4.png 16w, https:\/\/www.kolmar.cz\/wp-content\/uploads\/2021\/02\/CDlm_bocny_pohlad.png 1220w\" sizes=\"(max-width: 1024px) 100vw, 1024px\" \/>\t\t\t\t\t\t\n\t\t\t\t\t<\/div>\n\t\t\t\t\t\t\t\t\n<style>\n#image_75638535 {\n  width: 100%;\n}\n<\/style>\n\t<\/div>\n\t\n\n\t<section class=\"section\" id=\"section_973258082\">\n\t\t<div class=\"section-bg fill\" >\n\t\t\t\t\t\t\t\t\t\n\t\t\t\n\n\t\t<\/div>\n\n\t\t\n\n\t\t<div class=\"section-content relative\">\n\t\t\t\n<div class=\"row\"  id=\"row-2126351531\">\n\n\t<div id=\"col-291473693\" class=\"col medium-2 small-12 large-2\"  >\n\t\t\t\t<div class=\"col-inner\"  >\n\t\t\t\n\t\t\t\n\t\t<\/div>\n\t\t\t\t\t<\/div>\n\n\t\n\n\t<div id=\"col-479794533\" class=\"col medium-8 small-12 large-8\"  >\n\t\t\t\t<div class=\"col-inner\"  >\n\t\t\t\n\t\t\t\n\t<div id=\"text-3092941301\" class=\"text\">\n\t\t\n<h2>Zapome\u0148 na DoDo ( \u201cdokon\u010di si doma\u201d)<\/h2>\n<p>Nejsem \u017e\u00e1dn\u00e1 stavebnice. V\u0161echny detaily jako madla, ta\u017en\u00e9 h\u00e1ky a hadice u\u017e m\u00e1m osazen\u00e9 z v\u00fdroby. Lehk\u00fd chod mi zaji\u0161\u0165uj\u00ed kovov\u00e9 pouzdra, v nich\u017e jsou osazena dvoukol\u00ed.<br \/>\n\t\t\n<style>\n#text-3092941301 {\n  text-align: center;\n}\n<\/style>\n\t<\/div>\n\t\n\t\t<\/div>\n\t\t\t\t\t<\/div>\n\n\t\n\n\t<div id=\"col-916491495\" class=\"col medium-2 small-12 large-2\"  >\n\t\t\t\t<div class=\"col-inner\"  >\n\t\t\t\n\t\t\t\n\t\t<\/div>\n\t\t\t\t\t<\/div>\n\n\t\n<\/div>\n\t<div id=\"gap-1027037718\" class=\"gap-element clearfix\" style=\"display:block; height:auto;\">\n\t\t\n<style>\n#gap-1027037718 {\n  padding-top: 40px;\n}\n<\/style>\n\t<\/div>\n\t\n\t\t<\/div>\n\n\t\t\n<style>\n#section_973258082 {\n  padding-top: 40px;\n  padding-bottom: 40px;\n  background-color: rgb(246, 246, 248);\n}\n<\/style>\n\t<\/section>\n\t\n\n\t<section class=\"section\" id=\"section_950647838\">\n\t\t<div class=\"section-bg fill\" >\n\t\t\t\t\t\t\t\t\t\n\t\t\t\n\n\t\t<\/div>\n\n\t\t\n\n\t\t<div class=\"section-content relative\">\n\t\t\t\n\t<div class=\"img has-hover x md-x lg-x y md-y lg-y\" id=\"image_549886132\">\n\t\t\t\t\t\t\t\t<div class=\"img-inner dark\" >\n\t\t\t<img loading=\"lazy\" decoding=\"async\" width=\"1000\" height=\"325\" src=\"https:\/\/www.kolmar.cz\/wp-content\/uploads\/2021\/02\/CDlm_newsletter.png\" class=\"attachment-large size-large\" alt=\"\" srcset=\"https:\/\/www.kolmar.cz\/wp-content\/uploads\/2021\/02\/CDlm_newsletter.png 1000w, https:\/\/www.kolmar.cz\/wp-content\/uploads\/2021\/02\/CDlm_newsletter-510x166.png 510w, https:\/\/www.kolmar.cz\/wp-content\/uploads\/2021\/02\/CDlm_newsletter-300x98.png 300w, https:\/\/www.kolmar.cz\/wp-content\/uploads\/2021\/02\/CDlm_newsletter-768x250.png 768w, https:\/\/www.kolmar.cz\/wp-content\/uploads\/2021\/02\/CDlm_newsletter-16x5.png 16w\" sizes=\"(max-width: 1000px) 100vw, 1000px\" \/>\t\t\t\t\t\t\n\t\t\t\t\t<\/div>\n\t\t\t\t\t\t\t\t\n<style>\n#image_549886132 {\n  width: 100%;\n}\n<\/style>\n\t<\/div>\n\t\n\t\t<\/div>\n\n\t\t\n<style>\n#section_950647838 {\n  padding-top: 80px;\n  padding-bottom: 80px;\n}\n<\/style>\n\t<\/section>\n\t\n\n\n\n\t<section class=\"section\" id=\"section_842406750\">\n\t\t<div class=\"section-bg fill\" >\n\t\t\t\t\t\t\t\t\t\n\t\t\t\n\n\t\t<\/div>\n\n\t\t\n\n\t\t<div class=\"section-content relative\">\n\t\t\t\n<div class=\"row row-collapse\"  id=\"row-1752965081\">\n\n\t<div id=\"col-1487751430\" class=\"col medium-1 small-6 large-1\"  >\n\t\t\t\t<div class=\"col-inner\"  >\n\t\t\t\n\t\t\t\n\t\t<\/div>\n\t\t\t\t\t<\/div>\n\n\t\n\n\t<div id=\"col-1860548999\" class=\"col medium-4 small-6 large-4\"  >\n\t\t\t\t<div class=\"col-inner\"  >\n\t\t\t\n\t\t\t\n\t<div class=\"img has-hover x md-x lg-x y md-y lg-y\" id=\"image_916164650\">\n\t\t\t\t\t\t\t\t<div class=\"img-inner dark\" >\n\t\t\t<img loading=\"lazy\" decoding=\"async\" width=\"481\" height=\"479\" src=\"https:\/\/www.kolmar.cz\/wp-content\/uploads\/2021\/02\/CDlm_celo-e1613659446783.png\" class=\"attachment-large size-large\" alt=\"Pr\u00edve\u0161\u00e1k CDlm pre Manku z predu\" srcset=\"https:\/\/www.kolmar.cz\/wp-content\/uploads\/2021\/02\/CDlm_celo-e1613659446783.png 481w, https:\/\/www.kolmar.cz\/wp-content\/uploads\/2021\/02\/CDlm_celo-e1613659446783-100x100.png 100w, https:\/\/www.kolmar.cz\/wp-content\/uploads\/2021\/02\/CDlm_celo-e1613659446783-300x300.png 300w, https:\/\/www.kolmar.cz\/wp-content\/uploads\/2021\/02\/CDlm_celo-e1613659446783-150x150.png 150w, https:\/\/www.kolmar.cz\/wp-content\/uploads\/2021\/02\/CDlm_celo-e1613659446783-12x12.png 12w\" sizes=\"(max-width: 481px) 100vw, 481px\" \/>\t\t\t\t\t\t\n\t\t\t\t\t<\/div>\n\t\t\t\t\t\t\t\t\n<style>\n#image_916164650 {\n  width: 100%;\n}\n<\/style>\n\t<\/div>\n\t\n\t\t<\/div>\n\t\t\t\t\t<\/div>\n\n\t\n\n\t<div id=\"col-467883260\" class=\"col medium-6 small-6 large-6\"  >\n\t\t\t\t<div class=\"col-inner\"  >\n\t\t\t\n\t\t\t\n\t<div id=\"gap-152189635\" class=\"gap-element clearfix\" style=\"display:block; height:auto;\">\n\t\t\n<style>\n#gap-152189635 {\n  padding-top: 40px;\n}\n<\/style>\n\t<\/div>\n\t\n\t<div id=\"text-2278603470\" class=\"text\">\n\t\t\n<h2><span style=\"color: #404548;\">Co by si m\u011bl v\u011bd\u011bt<\/span><\/h2>\n<p><span style=\"color: #404548;\"><strong>FlexDec\u00ae a FlexDec\u00ae<\/strong><\/span><\/p>\n<ul>\n<li><span style=\"color: #404548;\">P\u0159\u00edv\u011b\u0161\u00e1k v digit\u00e1ln\u00edm proveden\u00ed FlexDec\u00ae bude fungovat pouze s <a style=\"color: #404548;\" href=\"https:\/\/www.kolmar.cz\/cs\/produkt\/motorovy-voz-manka\/\"><span style=\"text-decoration: underline;\"><strong>Mankou<\/strong><\/span><\/a> FlexDec\u00ae, kter\u00e1 pos\u00edl\u00e1 informace o sv\u011btlech do p\u0159\u00edv\u011bsn\u00e9ho vozu.<\/span><\/li>\n<\/ul>\n<p><span style=\"color: #404548;\"><strong>S\u00e1m nic nezm\u016f\u017eu<\/strong><\/span><\/p>\n<ul>\n<li><span style=\"color: #404548;\">Pr\u00edve\u0161\u00e1k s FlexDec\u00ae, stoj\u00edc\u00ed o samot\u011b nebude m\u00edt aktivn\u00ed \u017e\u00e1dn\u00e9 funkce.<\/span><\/li>\n<\/ul>\n<p><span style=\"color: #404548;\"><strong>S jin\u00fdmi se nehraju<\/strong><\/span><\/p>\n<ul>\n<li><span style=\"color: #404548;\">Vodiv\u00e9 sp\u0159\u00e1hlo mezi <span style=\"text-decoration: underline;\"><strong><a style=\"color: #404548; text-decoration: underline;\" href=\"https:\/\/www.kolmar.cz\/cs\/produkt\/motorovy-voz-manka\/\">Mankou<\/a><\/strong><\/span> a p\u0159\u00edv\u011bsn\u00fdm vozem nen\u00ed mo\u017en\u00e9 pou\u017e\u00edvat pokud <span style=\"text-decoration: underline;\"><strong><a style=\"color: #404548; text-decoration: underline;\" href=\"https:\/\/www.kolmar.cz\/cs\/produkt\/motorovy-voz-manka\/\">Manka<\/a><\/strong><\/span> je osazena dek\u00e9derom FlexDec\u00ae a p\u0159\u00edv\u011bsn\u00fd v\u016fz dekod\u00e9rem t\u0159et\u00edch stran. V takov\u00e9m p\u0159\u00edpad\u011b je t\u0159eba pou\u017e\u00edt b\u011b\u017en\u00e9 nevodiv\u00e9 Tillig \/ Kuehn sp\u0159\u00e1hlo.<\/span><\/li>\n<li><span style=\"color: #404548;\">Vodiv\u00e9 sp\u0159\u00e1hlo mezi <span style=\"text-decoration: underline;\"><strong><a style=\"color: #404548; text-decoration: underline;\" href=\"https:\/\/www.kolmar.cz\/cs\/produkt\/motorovy-voz-manka\/\">Mankou<\/a><\/strong><\/span> a p\u0159\u00edv\u011bsn\u00fdm vozem nen\u00ed mo\u017en\u00e9 pou\u017e\u00edvat ani v p\u0159\u00edpad\u011b, \u017ee jsou oba vozy osazeny dekod\u00e9ry t\u0159et\u00edch stran, mohlo by doj\u00edt k nen\u00e1vratn\u00e9mu po\u0161kozen\u00ed dekod\u00e9r\u016f. V takov\u00e9m p\u0159\u00edpad\u011b je t\u0159eba pou\u017e\u00edt op\u011bt b\u011b\u017en\u00e9 nevodiv\u00e9 Tillig \/ Kuehn sp\u0159\u00e1hlo.<\/span><\/li>\n<\/ul>\n\t\t\n<style>\n#text-2278603470 {\n  text-align: left;\n}\n<\/style>\n\t<\/div>\n\t\n\t\t<\/div>\n\t\t\t\t\t<\/div>\n\n\t\n\n\t<div id=\"col-1550226511\" class=\"col medium-1 small-6 large-1\"  >\n\t\t\t\t<div class=\"col-inner\"  >\n\t\t\t\n\t\t\t\n\t\t<\/div>\n\t\t\t\t\t<\/div>\n\n\t\n<\/div>\n\t\t<\/div>\n\n\t\t\n<style>\n#section_842406750 {\n  padding-top: 0px;\n  padding-bottom: 0px;\n  margin-bottom: 80px;\n  background-color: rgb(255, 255, 255);\n}\n<\/style>\n\t<\/section>","protected":false},"excerpt":{"rendered":"<p>Jsem pr\u00edve\u0161\u00e1k CDlm 4\u20139958 a jako v\u00e1le\u010dn\u00e1 ko\u0159ist jsem byl p\u0159i\u0159azen do Chomutova. Ud\u011blala m\u011b firma <strong><span style=\"text-decoration: underline;\"><a href=\"http:\/\/www.kres.de\/produkte.html\" target=\"_blank\" rel=\"noopener\">KRES<\/a><\/span><\/strong> a jsem vybaven vnit\u0159n\u00edm i vn\u011bj\u0161\u00edm osv\u011btlen\u00edm. V balen\u00ed najde\u0161 p\u0159ibalen\u00e9 vodiv\u00e9 sp\u0159\u00e1hla a dva kusy normovan\u00fdch \u0161acht pro b\u011b\u017en\u00e9 sp\u0159\u00e1hla. Na koleji\u0161ti se nejl\u00e9pe vyj\u00edm\u00e1m v kombinaci s <strong><a href=\"https:\/\/www.kolmar.cz\/cs\/produkt\/motorovy-voz-manka\/\"><span style=\"text-decoration: underline;\">Motor\u00e1kem Manka<\/span><\/a>.<\/strong><\/p>\n<p>Jsem k dispozici ve dvou proveden\u00edch:<br \/>\nMou analogovou verzi m\u016f\u017ee\u0161 spojit pomoc\u00ed vodiv\u00e9ho sp\u0159\u00e1hla pouze s <strong><a href=\"https:\/\/www.kolmar.cz\/cs\/produkt\/motorovy-voz-manka\/\"><span style=\"text-decoration: underline;\">Mankou<\/span><\/a><\/strong> v analogu. Jestli m\u011b chce\u0161 digitalizovat, p\u0159iprav si funk\u010dn\u00ed dekod\u00e9r na kabl\u00edku (NEM 651) a pou\u017eij oby\u010dejn\u00e9 nevodiv\u00e9 sp\u0159\u00e1hlo, jinak m\u016f\u017ee doj\u00edt k m\u00e9mu po\u0161kozen\u00ed.<\/p>\n<p>V digit\u00e1lni verzi s dekod\u00e9rem FlexDec\u00ae jsem kompatibiln\u00ed jen s <strong><a href=\"https:\/\/www.kolmar.cz\/cs\/produkt\/motorovy-voz-manka\/\"><span style=\"text-decoration: underline;\">Mankou<\/span><\/a><\/strong> ve FlexDec\u00ae proveden\u00ed. Pro spr\u00e1vn\u00e9 fungov\u00e1n\u00ed mus\u00edme b\u00fdt po celou dobu spojen\u00ed vodiv\u00fdm sp\u0159\u00e1hem. Pom\u00e1h\u00e1m <strong><a href=\"https:\/\/www.kolmar.cz\/cs\/produkt\/motorovy-voz-manka\/\"><span style=\"text-decoration: underline;\">Mance<\/span><\/a><\/strong> zlep\u0161it odb\u011br proudu a m\u016f\u017ee\u0161 kontrolovat, kter\u00e9 sv\u011btla mi budou sv\u00edtit.<\/p>\n<p>Tu je m\u00f4j detailn\u00fd manu\u00e1l v <strong><a href=\"https:\/\/www.kolmar.cz\/wp-content\/uploads\/2021\/04\/KLMR-Privesak-Manual-SVK-2.0.pdf\" target=\"_blank\" rel=\"noopener\">sloven\u0161tin\u011b<\/a><\/strong> a <strong><a href=\"https:\/\/www.kolmar.cz\/cs\/?attachment_id=859\/\" target=\"_blank\" rel=\"noopener\">\u010de\u0161tin\u011b<\/a>.<\/strong><\/p>","protected":false},"featured_media":562,"template":"","meta":[],"product_cat":[21],"product_tag":[],"class_list":{"0":"post-304","1":"product","2":"type-product","3":"status-publish","4":"has-post-thumbnail","6":"product_cat-osobne_vagony","8":"first","9":"outofstock","10":"taxable","11":"shipping-taxable","12":"purchasable","13":"product-type-variable","14":"has-default-attributes"},"yoast_head":"<!-- This site is optimized with the Yoast SEO plugin v23.2 - https:\/\/yoast.com\/wordpress\/plugins\/seo\/ -->\n<title>Pr\u00edve\u0161\u00e1k CDlm \u010cSD TT - limitka od firmy KRES | Kolmar<\/title>\n<meta name=\"description\" content=\"Limitovan\u00fd pr\u00edvesn\u00fd vag\u00f3n CDlm \u010cSD TT s osvetlen\u00edm. Pr\u00edve\u0161\u00e1k dop\u013a\u0148a motorov\u00fd voz Manka M140.313 \u010cSD TT. Spolupr\u00e1ca KRES a Kolmar.\" \/>\n<meta name=\"robots\" content=\"index, follow, max-snippet:-1, max-image-preview:large, max-video-preview:-1\" \/>\n<link rel=\"canonical\" href=\"https:\/\/www.kolmar.cz\/cs\/produkt\/privesny-vagon-cdlm\/\" \/>\n<meta property=\"og:locale\" content=\"cs_CZ\" \/>\n<meta property=\"og:type\" content=\"article\" \/>\n<meta property=\"og:title\" content=\"Pr\u00edve\u0161\u00e1k CDlm \u010cSD TT - limitka od firmy KRES | Kolmar\" \/>\n<meta property=\"og:description\" content=\"Limitovan\u00fd pr\u00edvesn\u00fd vag\u00f3n CDlm \u010cSD TT s osvetlen\u00edm. Pr\u00edve\u0161\u00e1k dop\u013a\u0148a motorov\u00fd voz Manka M140.313 \u010cSD TT. Spolupr\u00e1ca KRES a Kolmar.\" \/>\n<meta property=\"og:url\" content=\"https:\/\/www.kolmar.cz\/cs\/produkt\/privesny-vagon-cdlm\/\" \/>\n<meta property=\"og:site_name\" content=\"Kolmar\" \/>\n<meta property=\"article:modified_time\" content=\"2023-11-22T19:41:34+00:00\" \/>\n<meta property=\"og:image\" content=\"https:\/\/www.kolmar.cz\/wp-content\/uploads\/2021\/03\/CDlm_Main_product_photo.jpg\" \/>\n\t<meta property=\"og:image:width\" content=\"600\" \/>\n\t<meta property=\"og:image:height\" content=\"600\" \/>\n\t<meta property=\"og:image:type\" content=\"image\/jpeg\" \/>\n<meta name=\"twitter:card\" content=\"summary_large_image\" \/>\n<meta name=\"twitter:label1\" content=\"Odhadovan\u00e1 doba \u010dten\u00ed\" \/>\n\t<meta name=\"twitter:data1\" content=\"2 minuty\" \/>\n<script type=\"application\/ld+json\" class=\"yoast-schema-graph\">{\"@context\":\"https:\/\/schema.org\",\"@graph\":[{\"@type\":\"WebPage\",\"@id\":\"https:\/\/www.kolmar.cz\/produkt\/privesny-vagon-cdlm\/\",\"url\":\"https:\/\/www.kolmar.cz\/produkt\/privesny-vagon-cdlm\/\",\"name\":\"Pr\u00edve\u0161\u00e1k CDlm \u010cSD TT - limitka od firmy KRES | Kolmar\",\"isPartOf\":{\"@id\":\"https:\/\/www.kolmar.cz\/#website\"},\"primaryImageOfPage\":{\"@id\":\"https:\/\/www.kolmar.cz\/produkt\/privesny-vagon-cdlm\/#primaryimage\"},\"image\":{\"@id\":\"https:\/\/www.kolmar.cz\/produkt\/privesny-vagon-cdlm\/#primaryimage\"},\"thumbnailUrl\":\"https:\/\/www.kolmar.cz\/wp-content\/uploads\/2021\/03\/CDlm_Main_product_photo.jpg\",\"datePublished\":\"2021-01-09T21:13:41+00:00\",\"dateModified\":\"2023-11-22T19:41:34+00:00\",\"description\":\"Limitovan\u00fd pr\u00edvesn\u00fd vag\u00f3n CDlm \u010cSD TT s osvetlen\u00edm. Pr\u00edve\u0161\u00e1k dop\u013a\u0148a motorov\u00fd voz Manka M140.313 \u010cSD TT. Spolupr\u00e1ca KRES a Kolmar.\",\"breadcrumb\":{\"@id\":\"https:\/\/www.kolmar.cz\/produkt\/privesny-vagon-cdlm\/#breadcrumb\"},\"inLanguage\":\"cs\",\"potentialAction\":[{\"@type\":\"ReadAction\",\"target\":[\"https:\/\/www.kolmar.cz\/produkt\/privesny-vagon-cdlm\/\"]}]},{\"@type\":\"ImageObject\",\"inLanguage\":\"cs\",\"@id\":\"https:\/\/www.kolmar.cz\/produkt\/privesny-vagon-cdlm\/#primaryimage\",\"url\":\"https:\/\/www.kolmar.cz\/wp-content\/uploads\/2021\/03\/CDlm_Main_product_photo.jpg\",\"contentUrl\":\"https:\/\/www.kolmar.cz\/wp-content\/uploads\/2021\/03\/CDlm_Main_product_photo.jpg\",\"width\":600,\"height\":600,\"caption\":\"Pr\u00edve\u0161\u00e1k CDlm \u010cSD TT | Kolmar\"},{\"@type\":\"BreadcrumbList\",\"@id\":\"https:\/\/www.kolmar.cz\/produkt\/privesny-vagon-cdlm\/#breadcrumb\",\"itemListElement\":[{\"@type\":\"ListItem\",\"position\":1,\"name\":\"Home\",\"item\":\"https:\/\/www.kolmar.cz\/\"},{\"@type\":\"ListItem\",\"position\":2,\"name\":\"Obchod\",\"item\":\"https:\/\/www.kolmar.cz\/obchod\/\"},{\"@type\":\"ListItem\",\"position\":3,\"name\":\"Pr\u00edve\u0161\u00e1k CDlm\"}]},{\"@type\":\"WebSite\",\"@id\":\"https:\/\/www.kolmar.cz\/#website\",\"url\":\"https:\/\/www.kolmar.cz\/\",\"name\":\"Kolmar\",\"description\":\"Depo \u010cSD modelov ve\u013ekosti TT\",\"potentialAction\":[{\"@type\":\"SearchAction\",\"target\":{\"@type\":\"EntryPoint\",\"urlTemplate\":\"https:\/\/www.kolmar.cz\/?s={search_term_string}\"},\"query-input\":\"required name=search_term_string\"}],\"inLanguage\":\"cs\"}]}<\/script>\n<!-- \/ Yoast SEO plugin. -->","yoast_head_json":{"title":"Pr\u00edve\u0161\u00e1k CDlm \u010cSD TT - limitka od firmy KRES | Kolmar","description":"Limitovan\u00fd pr\u00edvesn\u00fd vag\u00f3n CDlm \u010cSD TT s osvetlen\u00edm. Pr\u00edve\u0161\u00e1k dop\u013a\u0148a motorov\u00fd voz Manka M140.313 \u010cSD TT. Spolupr\u00e1ca KRES a Kolmar.","robots":{"index":"index","follow":"follow","max-snippet":"max-snippet:-1","max-image-preview":"max-image-preview:large","max-video-preview":"max-video-preview:-1"},"canonical":"https:\/\/www.kolmar.cz\/cs\/produkt\/privesny-vagon-cdlm\/","og_locale":"cs_CZ","og_type":"article","og_title":"Pr\u00edve\u0161\u00e1k CDlm \u010cSD TT - limitka od firmy KRES | Kolmar","og_description":"Limitovan\u00fd pr\u00edvesn\u00fd vag\u00f3n CDlm \u010cSD TT s osvetlen\u00edm. Pr\u00edve\u0161\u00e1k dop\u013a\u0148a motorov\u00fd voz Manka M140.313 \u010cSD TT. Spolupr\u00e1ca KRES a Kolmar.","og_url":"https:\/\/www.kolmar.cz\/cs\/produkt\/privesny-vagon-cdlm\/","og_site_name":"Kolmar","article_modified_time":"2023-11-22T19:41:34+00:00","og_image":[{"width":600,"height":600,"url":"https:\/\/www.kolmar.cz\/wp-content\/uploads\/2021\/03\/CDlm_Main_product_photo.jpg","type":"image\/jpeg"}],"twitter_card":"summary_large_image","twitter_misc":{"Odhadovan\u00e1 doba \u010dten\u00ed":"2 minuty"},"schema":{"@context":"https:\/\/schema.org","@graph":[{"@type":"WebPage","@id":"https:\/\/www.kolmar.cz\/produkt\/privesny-vagon-cdlm\/","url":"https:\/\/www.kolmar.cz\/produkt\/privesny-vagon-cdlm\/","name":"Pr\u00edve\u0161\u00e1k CDlm \u010cSD TT - limitka od firmy KRES | Kolmar","isPartOf":{"@id":"https:\/\/www.kolmar.cz\/#website"},"primaryImageOfPage":{"@id":"https:\/\/www.kolmar.cz\/produkt\/privesny-vagon-cdlm\/#primaryimage"},"image":{"@id":"https:\/\/www.kolmar.cz\/produkt\/privesny-vagon-cdlm\/#primaryimage"},"thumbnailUrl":"https:\/\/www.kolmar.cz\/wp-content\/uploads\/2021\/03\/CDlm_Main_product_photo.jpg","datePublished":"2021-01-09T21:13:41+00:00","dateModified":"2023-11-22T19:41:34+00:00","description":"Limitovan\u00fd pr\u00edvesn\u00fd vag\u00f3n CDlm \u010cSD TT s osvetlen\u00edm. Pr\u00edve\u0161\u00e1k dop\u013a\u0148a motorov\u00fd voz Manka M140.313 \u010cSD TT. Spolupr\u00e1ca KRES a Kolmar.","breadcrumb":{"@id":"https:\/\/www.kolmar.cz\/produkt\/privesny-vagon-cdlm\/#breadcrumb"},"inLanguage":"cs","potentialAction":[{"@type":"ReadAction","target":["https:\/\/www.kolmar.cz\/produkt\/privesny-vagon-cdlm\/"]}]},{"@type":"ImageObject","inLanguage":"cs","@id":"https:\/\/www.kolmar.cz\/produkt\/privesny-vagon-cdlm\/#primaryimage","url":"https:\/\/www.kolmar.cz\/wp-content\/uploads\/2021\/03\/CDlm_Main_product_photo.jpg","contentUrl":"https:\/\/www.kolmar.cz\/wp-content\/uploads\/2021\/03\/CDlm_Main_product_photo.jpg","width":600,"height":600,"caption":"Pr\u00edve\u0161\u00e1k CDlm \u010cSD TT | Kolmar"},{"@type":"BreadcrumbList","@id":"https:\/\/www.kolmar.cz\/produkt\/privesny-vagon-cdlm\/#breadcrumb","itemListElement":[{"@type":"ListItem","position":1,"name":"Home","item":"https:\/\/www.kolmar.cz\/"},{"@type":"ListItem","position":2,"name":"Obchod","item":"https:\/\/www.kolmar.cz\/obchod\/"},{"@type":"ListItem","position":3,"name":"Pr\u00edve\u0161\u00e1k CDlm"}]},{"@type":"WebSite","@id":"https:\/\/www.kolmar.cz\/#website","url":"https:\/\/www.kolmar.cz\/","name":"Kolmar","description":"Depo \u010cSD modelov ve\u013ekosti TT","potentialAction":[{"@type":"SearchAction","target":{"@type":"EntryPoint","urlTemplate":"https:\/\/www.kolmar.cz\/?s={search_term_string}"},"query-input":"required name=search_term_string"}],"inLanguage":"cs"}]}},"_links":{"self":[{"href":"https:\/\/www.kolmar.cz\/cs\/wp-json\/wp\/v2\/product\/304"}],"collection":[{"href":"https:\/\/www.kolmar.cz\/cs\/wp-json\/wp\/v2\/product"}],"about":[{"href":"https:\/\/www.kolmar.cz\/cs\/wp-json\/wp\/v2\/types\/product"}],"wp:featuredmedia":[{"embeddable":true,"href":"https:\/\/www.kolmar.cz\/cs\/wp-json\/wp\/v2\/media\/562"}],"wp:attachment":[{"href":"https:\/\/www.kolmar.cz\/cs\/wp-json\/wp\/v2\/media?parent=304"}],"wp:term":[{"taxonomy":"product_cat","embeddable":true,"href":"https:\/\/www.kolmar.cz\/cs\/wp-json\/wp\/v2\/product_cat?post=304"},{"taxonomy":"product_tag","embeddable":true,"href":"https:\/\/www.kolmar.cz\/cs\/wp-json\/wp\/v2\/product_tag?post=304"}],"curies":[{"name":"wp","href":"https:\/\/api.w.org\/{rel}","templated":true}]}}