{"id":996,"date":"2021-11-12T20:15:46","date_gmt":"2021-11-12T19:15:46","guid":{"rendered":"https:\/\/www.kolmar.cz\/?post_type=product&#038;p=996"},"modified":"2025-11-14T20:53:35","modified_gmt":"2025-11-14T19:53:35","slug":"osobny-vagon-bai-osemdverak-csd-tt","status":"publish","type":"product","link":"https:\/\/www.kolmar.cz\/cs\/produkt\/osobny-vagon-bai-osemdverak-csd-tt\/","title":{"rendered":"Osob\u00e1k Bai \u2013 osmidve\u0159\u00e1k"},"content":{"rendered":"<section class=\"section\" id=\"section_1098255903\">\n\t\t<div class=\"section-bg fill\" >\n\t\t\t\t\t\t\t\t\t\n\t\t\t\n\n\t\t<\/div>\n\n\t\t\n\n\t\t<div class=\"section-content relative\">\n\t\t\t\n<div class=\"row\"  id=\"row-383180667\">\n\n\t<div id=\"col-66771239\" class=\"col medium-2 small-12 large-2\"  >\n\t\t\t\t<div class=\"col-inner\"  >\n\t\t\t\n\t\t\t\n\t\t<\/div>\n\t\t\t\t\t<\/div>\n\n\t\n\n\t<div id=\"col-446654185\" class=\"col medium-8 small-12 large-8 small-col-first\"  >\n\t\t\t\t<div class=\"col-inner text-center\"  >\n\t\t\t\n\t\t\t\n\t<div id=\"text-2755529263\" class=\"text\">\n\t\t\n<h2>Jako by k sob\u011b pat\u0159ily od nepam\u011bti<\/h2>\n<p data-line-height=\"l\">Osobn\u00ed vag\u00f3ny Bai osmidve\u0159\u00e1ky a <a href=\"https:\/\/www.kolmar.cz\/cs\/produkt\/osobak-bai-stvordverak-csd-tt\/\" target=\"_blank\" rel=\"noopener\"><span style=\"text-decoration: underline;\"><strong>\u010dty\u0159dve\u0159\u00e1ky<\/strong><\/span><\/a> (<strong>4\u20134839<\/strong> a <strong>4\u20134844<\/strong>) navrhli tak, aby je bylo mo\u017en\u00e9 \u0159adit do jedn\u00e9 spole\u010dn\u00e9 soupravy a my sme tak tvo\u0159ily ucelenou soupravu stejn\u011b, jako tomu bylo i v 60. letech.<\/p>\n\t\t\n<style>\n#text-2755529263 {\n  line-height: 1;\n  text-align: center;\n}\n<\/style>\n\t<\/div>\n\t\n\t\t<\/div>\n\t\t\t\t\t<\/div>\n\n\t\n\n\t<div id=\"col-134128219\" class=\"col medium-2 small-12 large-2\"  >\n\t\t\t\t<div class=\"col-inner\"  >\n\t\t\t\n\t\t\t\n\t\t<\/div>\n\t\t\t\t\t<\/div>\n\n\t\n\n<style>\n#row-383180667 > .col > .col-inner {\n  padding: 40px 0px 0px 0px;\n}\n<\/style>\n<\/div>\n\t\t<\/div>\n\n\t\t\n<style>\n#section_1098255903 {\n  padding-top: 0px;\n  padding-bottom: 0px;\n}\n<\/style>\n\t<\/section>\n\t\n\t<div class=\"img has-hover x md-x lg-x y md-y lg-y\" id=\"image_1641966795\">\n\t\t\t\t\t\t\t\t<div class=\"img-inner dark\" >\n\t\t\t<img loading=\"lazy\" decoding=\"async\" width=\"2440\" height=\"600\" src=\"https:\/\/www.kolmar.cz\/wp-content\/uploads\/2022\/08\/1220x300_bocny_pohlad1.jpg\" class=\"attachment-large size-large\" alt=\"\" srcset=\"https:\/\/www.kolmar.cz\/wp-content\/uploads\/2022\/08\/1220x300_bocny_pohlad1.jpg 2440w, https:\/\/www.kolmar.cz\/wp-content\/uploads\/2022\/08\/1220x300_bocny_pohlad1-768x189.jpg 768w, https:\/\/www.kolmar.cz\/wp-content\/uploads\/2022\/08\/1220x300_bocny_pohlad1-1536x378.jpg 1536w, https:\/\/www.kolmar.cz\/wp-content\/uploads\/2022\/08\/1220x300_bocny_pohlad1-2048x504.jpg 2048w, https:\/\/www.kolmar.cz\/wp-content\/uploads\/2022\/08\/1220x300_bocny_pohlad1-16x4.jpg 16w, https:\/\/www.kolmar.cz\/wp-content\/uploads\/2022\/08\/1220x300_bocny_pohlad1-510x125.jpg 510w\" sizes=\"(max-width: 2440px) 100vw, 2440px\" \/>\t\t\t\t\t\t\n\t\t\t\t\t<\/div>\n\t\t\t\t\t\t\t\t\n<style>\n#image_1641966795 {\n  width: 100%;\n}\n<\/style>\n\t<\/div>\n\t\n\t<div class=\"img has-hover x md-x lg-x y md-y lg-y\" id=\"image_1728062283\">\n\t\t\t\t\t\t\t\t<div class=\"img-inner dark\" >\n\t\t\t<img loading=\"lazy\" decoding=\"async\" width=\"2440\" height=\"600\" src=\"https:\/\/www.kolmar.cz\/wp-content\/uploads\/2022\/08\/1220x300_bocny_pohlad2.jpg\" class=\"attachment-large size-large\" alt=\"\" srcset=\"https:\/\/www.kolmar.cz\/wp-content\/uploads\/2022\/08\/1220x300_bocny_pohlad2.jpg 2440w, https:\/\/www.kolmar.cz\/wp-content\/uploads\/2022\/08\/1220x300_bocny_pohlad2-768x189.jpg 768w, https:\/\/www.kolmar.cz\/wp-content\/uploads\/2022\/08\/1220x300_bocny_pohlad2-1536x378.jpg 1536w, https:\/\/www.kolmar.cz\/wp-content\/uploads\/2022\/08\/1220x300_bocny_pohlad2-2048x504.jpg 2048w, https:\/\/www.kolmar.cz\/wp-content\/uploads\/2022\/08\/1220x300_bocny_pohlad2-16x4.jpg 16w, https:\/\/www.kolmar.cz\/wp-content\/uploads\/2022\/08\/1220x300_bocny_pohlad2-510x125.jpg 510w\" sizes=\"(max-width: 2440px) 100vw, 2440px\" \/>\t\t\t\t\t\t\n\t\t\t\t\t<\/div>\n\t\t\t\t\t\t\t\t\n<style>\n#image_1728062283 {\n  width: 100%;\n}\n<\/style>\n\t<\/div>\n\t\n\n\t<section class=\"section\" id=\"section_906035475\">\n\t\t<div class=\"section-bg fill\" >\n\t\t\t\t\t\t\t\t\t\n\t\t\t\n\n\t\t<\/div>\n\n\t\t\n\n\t\t<div class=\"section-content relative\">\n\t\t\t\n\t<div id=\"gap-290208781\" class=\"gap-element clearfix\" style=\"display:block; height:auto;\">\n\t\t\n<style>\n#gap-290208781 {\n  padding-top: 60px;\n}\n<\/style>\n\t<\/div>\n\t\n<div class=\"row\"  id=\"row-1751874245\">\n\n\t<div id=\"col-1140199824\" class=\"col medium-2 small-12 large-2\"  >\n\t\t\t\t<div class=\"col-inner\"  >\n\t\t\t\n\t\t\t\n\t\t<\/div>\n\t\t\t\t\t<\/div>\n\n\t\n\n\t<div id=\"col-669483813\" class=\"col medium-8 small-12 large-8\"  >\n\t\t\t\t<div class=\"col-inner\"  >\n\t\t\t\n\t\t\t\n\t<div id=\"text-739528433\" class=\"text\">\n\t\t\n<h2>Historick\u00e9 ok\u00e9nko<\/h2>\n<p><span style=\"font-weight: 400;\">Velkoprostorov\u00e9 osobn\u00ed vagony \u0159ady Bai (Cai), byly ur\u010deny pro vnitrost\u00e1tn\u00ed provoz, prim\u00e1rn\u011b pro osobn\u00ed vlaky. D\u00edky sv\u00fdm dvojit\u00fdm dve\u0159\u00edm se \u0161irokou n\u00e1stupn\u00ed plo\u0161inou z\u00edskaly p\u0159ezd\u00edvku osmidve\u0159\u00e1ky. Vyr\u00e1b\u011bly se ve dvou s\u00e9ri\u00edch ve <\/span><span style=\"text-decoration: underline;\"><strong><a href=\"https:\/\/cs.wikipedia.org\/wiki\/%C4%8CKD_Dopravn%C3%AD_syst%C3%A9my\" target=\"_blank\" rel=\"noopener\">Vagonce Tatra Sm\u00edchov<\/a><\/strong><\/span><span style=\"font-weight: 400;\">. V letech 1955\u20131958 prob\u00edhala v\u00fdroba II. v\u00fdrobn\u00ed s\u00e9rie. Zahrnovala \u010d\u00edsla v rozmez\u00ed 4\u20133548 a\u017e 4\u20133599 a 4\u20133640 a\u017e 4\u20134109, kam spadaj\u00ed i na\u0161e p\u0159edlohy. Vagony Bai byly v roce 1983 p\u0159ezna\u010deny na \u0159adu By a v provozu se udr\u017eely a\u017e do za\u010d\u00e1tku 90. let.<\/span><span style=\"font-weight: 400;\">Ob\u011b na\u0161e p\u0159edlohy maj\u00ed domovskou stanici Brno hlavn\u00ed n\u00e1dra\u017e\u00ed a byly vyrobeny v roce 1957. Vag\u00f3n 4\u20133733 byl zru\u0161en v roce 1983 a vag\u00f3n 4\u20133727 si pro\u0161el gener\u00e1ln\u00ed opravou v roce 1978.<\/span><\/p>\n<div id=\"gtx-trans\" style=\"position: absolute; left: -79px; top: 50.1094px;\">\n<div class=\"gtx-trans-icon\"><\/div>\n<\/div>\n\t\t\n<style>\n#text-739528433 {\n  text-align: center;\n}\n<\/style>\n\t<\/div>\n\t\n\t\t<\/div>\n\t\t\t\t\t<\/div>\n\n\t\n\n\t<div id=\"col-2101098164\" class=\"col medium-2 small-12 large-2\"  >\n\t\t\t\t<div class=\"col-inner\"  >\n\t\t\t\n\t\t\t\n\t\t<\/div>\n\t\t\t\t\t<\/div>\n\n\t\n<\/div>\n\t<div id=\"gap-139459445\" class=\"gap-element clearfix\" style=\"display:block; height:auto;\">\n\t\t\n<style>\n#gap-139459445 {\n  padding-top: 40px;\n}\n<\/style>\n\t<\/div>\n\t\n\t\t<\/div>\n\n\t\t\n<style>\n#section_906035475 {\n  padding-top: 0px;\n  padding-bottom: 0px;\n  background-color: rgb(246, 246, 248);\n}\n<\/style>\n\t<\/section>\n\t\n\t<div class=\"img has-hover x md-x lg-x y md-y lg-y\" id=\"image_1249232661\">\n\t\t\t\t\t\t\t\t<div class=\"img-inner dark\" >\n\t\t\t<img loading=\"lazy\" decoding=\"async\" width=\"1220\" height=\"460\" src=\"https:\/\/www.kolmar.cz\/wp-content\/uploads\/2021\/03\/Bai-8x-hisgorical-1.jpg\" class=\"attachment-large size-large\" alt=\"Historick\u00fd poh\u013ead \u2013 Osobn\u00fd vag\u00f3n Bai - osemdver\u00e1k \u010cSD TT | Kolmar\" srcset=\"https:\/\/www.kolmar.cz\/wp-content\/uploads\/2021\/03\/Bai-8x-hisgorical-1.jpg 1220w, https:\/\/www.kolmar.cz\/wp-content\/uploads\/2021\/03\/Bai-8x-hisgorical-1-768x290.jpg 768w, https:\/\/www.kolmar.cz\/wp-content\/uploads\/2021\/03\/Bai-8x-hisgorical-1-16x6.jpg 16w, https:\/\/www.kolmar.cz\/wp-content\/uploads\/2021\/03\/Bai-8x-hisgorical-1-510x192.jpg 510w\" sizes=\"(max-width: 1220px) 100vw, 1220px\" \/>\t\t\t\t\t\t\n\t\t\t\t\t<\/div>\n\t\t\t\t\t\t\t\t\n<style>\n#image_1249232661 {\n  width: 100%;\n}\n<\/style>\n\t<\/div>","protected":false},"excerpt":{"rendered":"<p><span style=\"font-weight: 400;\">Jsem Baiko osmidv\u00e9\u0159\u00e1k a jsem vyroben s dv\u011bma rozd\u00edln\u00fdmi invent\u00e1rn\u00edmi \u010d\u00edsly <strong>4\u20133727<\/strong> a <strong>4\u20133733<\/strong>. Jako velkoprostorov\u00fd osobn\u00ed vag\u00f3n jsem z\u00e1stupcem II. v\u00fdrobn\u00ed s\u00e9rie, kter\u00e1 byla vyrobena v letech 1955\u20131958.<\/span><\/p>\n<p><span style=\"font-weight: 400;\">Igra mi dala kovov\u00e1 dvojkol\u00ed s kovov\u00fdm pouzdrem. Kinematiky m\u00e1m se \u0161achtou podle NEM 358. Samoz\u0159ejm\u011b nechyb\u00ed ani p\u0159\u00edprava pro vnit\u0159n\u00ed osv\u011btlen\u00ed. Sou\u010d\u00e1st\u00ed balen\u00ed jsou dopl\u0148ky k m\u00e9mu zdokonalen\u00ed. P\u0159i\u0159adili m\u011b pod vozov\u00e9 depo Brno a moje zpracov\u00e1n\u00ed odpov\u00edd\u00e1 obdob\u00ed ze za\u010d\u00e1tku 60. let, pat\u0159\u00edm tedy do III. epochy.<\/span><\/p>\n<p><!--\n<span>\nTu je n\u00e1\u0161 detailn\u00fd manu\u00e1l v\u00a0<span style=\"text-decoration: underline;\"><strong><a href=\"https:\/\/www.kolmar.cz\/gbk-manual-svk\/\" target=\"_blank\" rel=\"noopener\">sloven\u010dine<\/a><\/strong><\/span>\u00a0a\u00a0<strong><span style=\"text-decoration: underline;\"><a href=\"https:\/\/www.kolmar.cz\/gbk-manual-cz\/\" target=\"_blank\" rel=\"noopener\">\u010de\u0161tine<\/a><\/span>.<\/strong>\n<\/span>\n--><br \/>\n<!--\n<span class=\"info_msg\" style=\"font-weight: 400;\">Kedy si ma bude\u0161 m\u00f4c\u0165 k\u00fapi\u0165? Ani s\u00e1m neviem \ud83e\udd37<\/span>\n--><\/p>","protected":false},"featured_media":1381,"template":"","meta":[],"product_cat":[21],"product_tag":[52,57,56],"class_list":{"0":"post-996","1":"product","2":"type-product","3":"status-publish","4":"has-post-thumbnail","6":"product_cat-osobne_vagony","7":"product_tag-csd","8":"product_tag-igra","9":"product_tag-iii-epocha","11":"first","12":"outofstock","13":"taxable","14":"shipping-taxable","15":"purchasable","16":"product-type-variable","17":"has-default-attributes"},"yoast_head":"<!-- This site is optimized with the Yoast SEO plugin v23.2 - https:\/\/yoast.com\/wordpress\/plugins\/seo\/ -->\n<title>Osob\u00e1k Bai - osemdver\u00e1k \u010cSD TT - limitka od firmy Igra | Kolmar<\/title>\n<meta name=\"description\" content=\"Limitovan\u00fd osobn\u00fd vag\u00f3n Bai - osemdver\u00e1k \u010cSD TT, III. epocha, dve rozdielne invent\u00e1rne \u010d\u00edsla. Spolupr\u00e1ca Igra a Kolmar\" \/>\n<meta name=\"robots\" content=\"index, follow, max-snippet:-1, max-image-preview:large, max-video-preview:-1\" \/>\n<link rel=\"canonical\" href=\"https:\/\/www.kolmar.cz\/cs\/produkt\/osobny-vagon-bai-osemdverak-csd-tt\/\" \/>\n<meta property=\"og:locale\" content=\"cs_CZ\" \/>\n<meta property=\"og:type\" content=\"article\" \/>\n<meta property=\"og:title\" content=\"Osob\u00e1k Bai - osemdver\u00e1k \u010cSD TT - limitka od firmy Igra | Kolmar\" \/>\n<meta property=\"og:description\" content=\"Limitovan\u00fd osobn\u00fd vag\u00f3n Bai - osemdver\u00e1k \u010cSD TT, III. epocha, dve rozdielne invent\u00e1rne \u010d\u00edsla. Spolupr\u00e1ca Igra a Kolmar\" \/>\n<meta property=\"og:url\" content=\"https:\/\/www.kolmar.cz\/cs\/produkt\/osobny-vagon-bai-osemdverak-csd-tt\/\" \/>\n<meta property=\"og:site_name\" content=\"Kolmar\" \/>\n<meta property=\"article:modified_time\" content=\"2025-11-14T19:53:35+00:00\" \/>\n<meta property=\"og:image\" content=\"https:\/\/www.kolmar.cz\/wp-content\/uploads\/2021\/11\/600x600_main_product_photo.jpg\" \/>\n\t<meta property=\"og:image:width\" content=\"1200\" \/>\n\t<meta property=\"og:image:height\" content=\"1200\" \/>\n\t<meta property=\"og:image:type\" content=\"image\/jpeg\" \/>\n<meta name=\"twitter:card\" content=\"summary_large_image\" \/>\n<meta name=\"twitter:label1\" content=\"Odhadovan\u00e1 doba \u010dten\u00ed\" \/>\n\t<meta name=\"twitter:data1\" content=\"4 minuty\" \/>\n<script type=\"application\/ld+json\" class=\"yoast-schema-graph\">{\"@context\":\"https:\/\/schema.org\",\"@graph\":[{\"@type\":\"WebPage\",\"@id\":\"https:\/\/www.kolmar.cz\/produkt\/osobny-vagon-bai-osemdverak-csd-tt\/\",\"url\":\"https:\/\/www.kolmar.cz\/produkt\/osobny-vagon-bai-osemdverak-csd-tt\/\",\"name\":\"Osob\u00e1k Bai - osemdver\u00e1k \u010cSD TT - limitka od firmy Igra | Kolmar\",\"isPartOf\":{\"@id\":\"https:\/\/www.kolmar.cz\/#website\"},\"primaryImageOfPage\":{\"@id\":\"https:\/\/www.kolmar.cz\/produkt\/osobny-vagon-bai-osemdverak-csd-tt\/#primaryimage\"},\"image\":{\"@id\":\"https:\/\/www.kolmar.cz\/produkt\/osobny-vagon-bai-osemdverak-csd-tt\/#primaryimage\"},\"thumbnailUrl\":\"https:\/\/www.kolmar.cz\/wp-content\/uploads\/2021\/11\/600x600_main_product_photo.jpg\",\"datePublished\":\"2021-11-12T19:15:46+00:00\",\"dateModified\":\"2025-11-14T19:53:35+00:00\",\"description\":\"Limitovan\u00fd osobn\u00fd vag\u00f3n Bai - osemdver\u00e1k \u010cSD TT, III. epocha, dve rozdielne invent\u00e1rne \u010d\u00edsla. Spolupr\u00e1ca Igra a Kolmar\",\"breadcrumb\":{\"@id\":\"https:\/\/www.kolmar.cz\/produkt\/osobny-vagon-bai-osemdverak-csd-tt\/#breadcrumb\"},\"inLanguage\":\"cs\",\"potentialAction\":[{\"@type\":\"ReadAction\",\"target\":[\"https:\/\/www.kolmar.cz\/produkt\/osobny-vagon-bai-osemdverak-csd-tt\/\"]}]},{\"@type\":\"ImageObject\",\"inLanguage\":\"cs\",\"@id\":\"https:\/\/www.kolmar.cz\/produkt\/osobny-vagon-bai-osemdverak-csd-tt\/#primaryimage\",\"url\":\"https:\/\/www.kolmar.cz\/wp-content\/uploads\/2021\/11\/600x600_main_product_photo.jpg\",\"contentUrl\":\"https:\/\/www.kolmar.cz\/wp-content\/uploads\/2021\/11\/600x600_main_product_photo.jpg\",\"width\":1200,\"height\":1200,\"caption\":\"Bai osemdverak\"},{\"@type\":\"BreadcrumbList\",\"@id\":\"https:\/\/www.kolmar.cz\/produkt\/osobny-vagon-bai-osemdverak-csd-tt\/#breadcrumb\",\"itemListElement\":[{\"@type\":\"ListItem\",\"position\":1,\"name\":\"Home\",\"item\":\"https:\/\/www.kolmar.cz\/\"},{\"@type\":\"ListItem\",\"position\":2,\"name\":\"Obchod\",\"item\":\"https:\/\/www.kolmar.cz\/obchod\/\"},{\"@type\":\"ListItem\",\"position\":3,\"name\":\"Osob\u00e1k Bai &#8211; osemdver\u00e1k\"}]},{\"@type\":\"WebSite\",\"@id\":\"https:\/\/www.kolmar.cz\/#website\",\"url\":\"https:\/\/www.kolmar.cz\/\",\"name\":\"Kolmar\",\"description\":\"Depo \u010cSD modelov ve\u013ekosti TT\",\"potentialAction\":[{\"@type\":\"SearchAction\",\"target\":{\"@type\":\"EntryPoint\",\"urlTemplate\":\"https:\/\/www.kolmar.cz\/?s={search_term_string}\"},\"query-input\":\"required name=search_term_string\"}],\"inLanguage\":\"cs\"}]}<\/script>\n<!-- \/ Yoast SEO plugin. -->","yoast_head_json":{"title":"Osob\u00e1k Bai - osemdver\u00e1k \u010cSD TT - limitka od firmy Igra | Kolmar","description":"Limitovan\u00fd osobn\u00fd vag\u00f3n Bai - osemdver\u00e1k \u010cSD TT, III. epocha, dve rozdielne invent\u00e1rne \u010d\u00edsla. Spolupr\u00e1ca Igra a Kolmar","robots":{"index":"index","follow":"follow","max-snippet":"max-snippet:-1","max-image-preview":"max-image-preview:large","max-video-preview":"max-video-preview:-1"},"canonical":"https:\/\/www.kolmar.cz\/cs\/produkt\/osobny-vagon-bai-osemdverak-csd-tt\/","og_locale":"cs_CZ","og_type":"article","og_title":"Osob\u00e1k Bai - osemdver\u00e1k \u010cSD TT - limitka od firmy Igra | Kolmar","og_description":"Limitovan\u00fd osobn\u00fd vag\u00f3n Bai - osemdver\u00e1k \u010cSD TT, III. epocha, dve rozdielne invent\u00e1rne \u010d\u00edsla. Spolupr\u00e1ca Igra a Kolmar","og_url":"https:\/\/www.kolmar.cz\/cs\/produkt\/osobny-vagon-bai-osemdverak-csd-tt\/","og_site_name":"Kolmar","article_modified_time":"2025-11-14T19:53:35+00:00","og_image":[{"width":1200,"height":1200,"url":"https:\/\/www.kolmar.cz\/wp-content\/uploads\/2021\/11\/600x600_main_product_photo.jpg","type":"image\/jpeg"}],"twitter_card":"summary_large_image","twitter_misc":{"Odhadovan\u00e1 doba \u010dten\u00ed":"4 minuty"},"schema":{"@context":"https:\/\/schema.org","@graph":[{"@type":"WebPage","@id":"https:\/\/www.kolmar.cz\/produkt\/osobny-vagon-bai-osemdverak-csd-tt\/","url":"https:\/\/www.kolmar.cz\/produkt\/osobny-vagon-bai-osemdverak-csd-tt\/","name":"Osob\u00e1k Bai - osemdver\u00e1k \u010cSD TT - limitka od firmy Igra | Kolmar","isPartOf":{"@id":"https:\/\/www.kolmar.cz\/#website"},"primaryImageOfPage":{"@id":"https:\/\/www.kolmar.cz\/produkt\/osobny-vagon-bai-osemdverak-csd-tt\/#primaryimage"},"image":{"@id":"https:\/\/www.kolmar.cz\/produkt\/osobny-vagon-bai-osemdverak-csd-tt\/#primaryimage"},"thumbnailUrl":"https:\/\/www.kolmar.cz\/wp-content\/uploads\/2021\/11\/600x600_main_product_photo.jpg","datePublished":"2021-11-12T19:15:46+00:00","dateModified":"2025-11-14T19:53:35+00:00","description":"Limitovan\u00fd osobn\u00fd vag\u00f3n Bai - osemdver\u00e1k \u010cSD TT, III. epocha, dve rozdielne invent\u00e1rne \u010d\u00edsla. Spolupr\u00e1ca Igra a Kolmar","breadcrumb":{"@id":"https:\/\/www.kolmar.cz\/produkt\/osobny-vagon-bai-osemdverak-csd-tt\/#breadcrumb"},"inLanguage":"cs","potentialAction":[{"@type":"ReadAction","target":["https:\/\/www.kolmar.cz\/produkt\/osobny-vagon-bai-osemdverak-csd-tt\/"]}]},{"@type":"ImageObject","inLanguage":"cs","@id":"https:\/\/www.kolmar.cz\/produkt\/osobny-vagon-bai-osemdverak-csd-tt\/#primaryimage","url":"https:\/\/www.kolmar.cz\/wp-content\/uploads\/2021\/11\/600x600_main_product_photo.jpg","contentUrl":"https:\/\/www.kolmar.cz\/wp-content\/uploads\/2021\/11\/600x600_main_product_photo.jpg","width":1200,"height":1200,"caption":"Bai osemdverak"},{"@type":"BreadcrumbList","@id":"https:\/\/www.kolmar.cz\/produkt\/osobny-vagon-bai-osemdverak-csd-tt\/#breadcrumb","itemListElement":[{"@type":"ListItem","position":1,"name":"Home","item":"https:\/\/www.kolmar.cz\/"},{"@type":"ListItem","position":2,"name":"Obchod","item":"https:\/\/www.kolmar.cz\/obchod\/"},{"@type":"ListItem","position":3,"name":"Osob\u00e1k Bai &#8211; osemdver\u00e1k"}]},{"@type":"WebSite","@id":"https:\/\/www.kolmar.cz\/#website","url":"https:\/\/www.kolmar.cz\/","name":"Kolmar","description":"Depo \u010cSD modelov ve\u013ekosti TT","potentialAction":[{"@type":"SearchAction","target":{"@type":"EntryPoint","urlTemplate":"https:\/\/www.kolmar.cz\/?s={search_term_string}"},"query-input":"required name=search_term_string"}],"inLanguage":"cs"}]}},"_links":{"self":[{"href":"https:\/\/www.kolmar.cz\/cs\/wp-json\/wp\/v2\/product\/996"}],"collection":[{"href":"https:\/\/www.kolmar.cz\/cs\/wp-json\/wp\/v2\/product"}],"about":[{"href":"https:\/\/www.kolmar.cz\/cs\/wp-json\/wp\/v2\/types\/product"}],"wp:featuredmedia":[{"embeddable":true,"href":"https:\/\/www.kolmar.cz\/cs\/wp-json\/wp\/v2\/media\/1381"}],"wp:attachment":[{"href":"https:\/\/www.kolmar.cz\/cs\/wp-json\/wp\/v2\/media?parent=996"}],"wp:term":[{"taxonomy":"product_cat","embeddable":true,"href":"https:\/\/www.kolmar.cz\/cs\/wp-json\/wp\/v2\/product_cat?post=996"},{"taxonomy":"product_tag","embeddable":true,"href":"https:\/\/www.kolmar.cz\/cs\/wp-json\/wp\/v2\/product_tag?post=996"}],"curies":[{"name":"wp","href":"https:\/\/api.w.org\/{rel}","templated":true}]}}